{"id":169,"date":"2015-01-08T23:29:01","date_gmt":"2015-01-08T21:29:01","guid":{"rendered":"http:\/\/www.buergerschaftshausev.de\/?page_id=169"},"modified":"2023-08-23T13:30:53","modified_gmt":"2023-08-23T11:30:53","slug":"only-girls","status":"publish","type":"page","link":"https:\/\/www.buergerschaftshausev.de\/?page_id=169","title":{"rendered":"Only Girls"},"content":{"rendered":"<p><strong>Reelness &#8211; Tanz dich durch Instagram<\/strong><\/p>\n<p>Am 23.08.2023 startet eine Workshopreihe in der Du herausfinden kannst, wie Videos von T\u00e4nzerinnen* auf Dich wirken und welche Art von T\u00e4nzerin* Du sein m\u00f6chtest. Wer m\u00f6chte, darf sich am Ende in einem Video pr\u00e4sentieren!<\/p>\n<p>F\u00fcr wen?: M\u00e4dchen und junge Frauen<br \/>\nWo?: OT Bocklem\u00fcnd im Sportraum<br \/>\nWann?: mittwochs ab dem 23.08.2023 (6 Termine)<br \/>\nUhrzeit?: 17:00-18:30 Uhr<\/p>\n<p>Sei dabei &#8211; wir freuen uns auf Dich!<br \/>\nWenn du mehr wissen m\u00f6chtest oder Fragen hast, melde Dich gerne bei uns \ud83d\ude42<\/p>\n<p><a href=\"https:\/\/www.buergerschaftshausev.de\/wp-content\/uploads\/2023\/08\/1000002409.jpg\"><img loading=\"lazy\" decoding=\"async\" class=\"alignnone size-large wp-image-1614\" src=\"https:\/\/www.buergerschaftshausev.de\/wp-content\/uploads\/2023\/08\/1000002409-600x600.jpg\" alt=\"\" width=\"600\" height=\"600\" srcset=\"https:\/\/www.buergerschaftshausev.de\/wp-content\/uploads\/2023\/08\/1000002409-600x600.jpg 600w, https:\/\/www.buergerschaftshausev.de\/wp-content\/uploads\/2023\/08\/1000002409-300x300.jpg 300w, https:\/\/www.buergerschaftshausev.de\/wp-content\/uploads\/2023\/08\/1000002409-150x150.jpg 150w, https:\/\/www.buergerschaftshausev.de\/wp-content\/uploads\/2023\/08\/1000002409-768x768.jpg 768w, https:\/\/www.buergerschaftshausev.de\/wp-content\/uploads\/2023\/08\/1000002409.jpg 1080w\" sizes=\"auto, (max-width: 600px) 100vw, 600px\" \/><\/a><\/p>\n<p>&nbsp;<\/p>\n<p><strong>M\u00e4dchentag<br \/>\n<a href=\"https:\/\/www.buergerschaftshausev.de\/wp-content\/uploads\/2023\/03\/Maedchen-Tag-Findet-jeden-zweiten-Dienstag-statt.png\"><img loading=\"lazy\" decoding=\"async\" class=\"alignnone size-large wp-image-1592\" src=\"https:\/\/www.buergerschaftshausev.de\/wp-content\/uploads\/2023\/03\/Maedchen-Tag-Findet-jeden-zweiten-Dienstag-statt-424x600.png\" alt=\"\" width=\"424\" height=\"600\" srcset=\"https:\/\/www.buergerschaftshausev.de\/wp-content\/uploads\/2023\/03\/Maedchen-Tag-Findet-jeden-zweiten-Dienstag-statt-424x600.png 424w, https:\/\/www.buergerschaftshausev.de\/wp-content\/uploads\/2023\/03\/Maedchen-Tag-Findet-jeden-zweiten-Dienstag-statt-212x300.png 212w, https:\/\/www.buergerschaftshausev.de\/wp-content\/uploads\/2023\/03\/Maedchen-Tag-Findet-jeden-zweiten-Dienstag-statt-106x150.png 106w, https:\/\/www.buergerschaftshausev.de\/wp-content\/uploads\/2023\/03\/Maedchen-Tag-Findet-jeden-zweiten-Dienstag-statt-768x1086.png 768w, https:\/\/www.buergerschaftshausev.de\/wp-content\/uploads\/2023\/03\/Maedchen-Tag-Findet-jeden-zweiten-Dienstag-statt-1086x1536.png 1086w, https:\/\/www.buergerschaftshausev.de\/wp-content\/uploads\/2023\/03\/Maedchen-Tag-Findet-jeden-zweiten-Dienstag-statt.png 1414w\" sizes=\"auto, (max-width: 424px) 100vw, 424px\" \/><\/a><br \/>\n<\/strong>Alle vier Wochen dienstags findet der M\u00e4dchentag in der OT statt.<br \/>\nWenn du Fragen oder Ideen zum M\u00e4dchentag hast, melde dich gerne bei uns.<br \/>\nWir freuen uns auf Dich!<\/p>\n<p>Lena, Julia und Sarah<br \/>\nTel: 0221 \/ 26155020<br \/>\nMobil.: 017645172675<br \/>\nE-Mail: ot@buergerschaftshausev.de<\/p>\n<hr \/>\n<p><strong>WIR schaffen Raum &#8211; Projekt im Herbst 2022<\/strong><\/p>\n<p><a href=\"https:\/\/www.buergerschaftshausev.de\/wp-content\/uploads\/2022\/09\/wrs-abstimmung-a4.png\"><img loading=\"lazy\" decoding=\"async\" class=\"alignnone size-large wp-image-1561\" src=\"https:\/\/www.buergerschaftshausev.de\/wp-content\/uploads\/2022\/09\/wrs-abstimmung-a4-424x600.png\" alt=\"\" width=\"424\" height=\"600\" srcset=\"https:\/\/www.buergerschaftshausev.de\/wp-content\/uploads\/2022\/09\/wrs-abstimmung-a4-424x600.png 424w, https:\/\/www.buergerschaftshausev.de\/wp-content\/uploads\/2022\/09\/wrs-abstimmung-a4-212x300.png 212w, https:\/\/www.buergerschaftshausev.de\/wp-content\/uploads\/2022\/09\/wrs-abstimmung-a4-106x150.png 106w, https:\/\/www.buergerschaftshausev.de\/wp-content\/uploads\/2022\/09\/wrs-abstimmung-a4-768x1086.png 768w, https:\/\/www.buergerschaftshausev.de\/wp-content\/uploads\/2022\/09\/wrs-abstimmung-a4-1086x1536.png 1086w, https:\/\/www.buergerschaftshausev.de\/wp-content\/uploads\/2022\/09\/wrs-abstimmung-a4.png 1414w\" sizes=\"auto, (max-width: 424px) 100vw, 424px\" \/><\/a><a href=\"https:\/\/www.buergerschaftshausev.de\/wp-content\/uploads\/2022\/08\/Screenshot-30.png\"><img loading=\"lazy\" decoding=\"async\" class=\"alignnone size-large wp-image-1557\" src=\"https:\/\/www.buergerschaftshausev.de\/wp-content\/uploads\/2022\/08\/Screenshot-30-600x431.png\" alt=\"\" width=\"600\" height=\"431\" srcset=\"https:\/\/www.buergerschaftshausev.de\/wp-content\/uploads\/2022\/08\/Screenshot-30-600x431.png 600w, https:\/\/www.buergerschaftshausev.de\/wp-content\/uploads\/2022\/08\/Screenshot-30-300x215.png 300w, https:\/\/www.buergerschaftshausev.de\/wp-content\/uploads\/2022\/08\/Screenshot-30-150x108.png 150w, https:\/\/www.buergerschaftshausev.de\/wp-content\/uploads\/2022\/08\/Screenshot-30-768x552.png 768w, https:\/\/www.buergerschaftshausev.de\/wp-content\/uploads\/2022\/08\/Screenshot-30.png 919w\" sizes=\"auto, (max-width: 600px) 100vw, 600px\" \/><\/a><br \/>\n<a href=\"https:\/\/www.buergerschaftshausev.de\/wp-content\/uploads\/2022\/08\/Screenshot-29.png\"><img loading=\"lazy\" decoding=\"async\" class=\"alignnone size-large wp-image-1556\" src=\"https:\/\/www.buergerschaftshausev.de\/wp-content\/uploads\/2022\/08\/Screenshot-29-600x425.png\" alt=\"\" width=\"600\" height=\"425\" srcset=\"https:\/\/www.buergerschaftshausev.de\/wp-content\/uploads\/2022\/08\/Screenshot-29-600x425.png 600w, https:\/\/www.buergerschaftshausev.de\/wp-content\/uploads\/2022\/08\/Screenshot-29-300x213.png 300w, https:\/\/www.buergerschaftshausev.de\/wp-content\/uploads\/2022\/08\/Screenshot-29-150x106.png 150w, https:\/\/www.buergerschaftshausev.de\/wp-content\/uploads\/2022\/08\/Screenshot-29-768x544.png 768w, https:\/\/www.buergerschaftshausev.de\/wp-content\/uploads\/2022\/08\/Screenshot-29.png 910w\" sizes=\"auto, (max-width: 600px) 100vw, 600px\" \/><\/a><\/p>\n<p>Ansprechpartnerinnen: Lena Br\u00e4u und Sarah Busch<br \/>\nTel: 0221 \/ 26155020<br \/>\nMobil.: 017645172675<br \/>\nE-Mail: ot@buergerschaftshausev.de<\/p>\n<p>Au\u00dferdem sind wir auch auf <strong><em><a href=\"https:\/\/www.instagram.com\/otbocklemuend\/\">Instagram<\/a><\/em> <\/strong>und\u00a0 <a href=\"https:\/\/www.facebook.com\/OT-Bocklem%C3%BCnd-667694436655425\/\"><em><strong><span style=\"color: #3366ff;\">facebook<\/span><\/strong><\/em><\/a> zu finden.<\/p>\n","protected":false},"excerpt":{"rendered":"<p>Reelness &#8211; Tanz dich durch Instagram Am 23.08.2023 startet eine Workshopreihe in der Du herausfinden kannst, wie Videos von T\u00e4nzerinnen* auf Dich wirken und welche Art von T\u00e4nzerin* Du sein m\u00f6chtest. Wer m\u00f6chte, darf sich am Ende in einem Video &hellip; <a href=\"https:\/\/www.buergerschaftshausev.de\/?page_id=169\">Weiterlesen <span class=\"meta-nav\">&rarr;<\/span><\/a><\/p>\n","protected":false},"author":1,"featured_media":0,"parent":26,"menu_order":25,"comment_status":"closed","ping_status":"closed","template":"","meta":{"_bbp_topic_count":0,"_bbp_reply_count":0,"_bbp_total_topic_count":0,"_bbp_total_reply_count":0,"_bbp_voice_count":0,"_bbp_anonymous_reply_count":0,"_bbp_topic_count_hidden":0,"_bbp_reply_count_hidden":0,"_bbp_forum_subforum_count":0,"jetpack_post_was_ever_published":false,"footnotes":""},"class_list":["post-169","page","type-page","status-publish","hentry"],"jetpack_sharing_enabled":true,"jetpack_shortlink":"https:\/\/wp.me\/P5AdbL-2J","_links":{"self":[{"href":"https:\/\/www.buergerschaftshausev.de\/index.php?rest_route=\/wp\/v2\/pages\/169","targetHints":{"allow":["GET"]}}],"collection":[{"href":"https:\/\/www.buergerschaftshausev.de\/index.php?rest_route=\/wp\/v2\/pages"}],"about":[{"href":"https:\/\/www.buergerschaftshausev.de\/index.php?rest_route=\/wp\/v2\/types\/page"}],"author":[{"embeddable":true,"href":"https:\/\/www.buergerschaftshausev.de\/index.php?rest_route=\/wp\/v2\/users\/1"}],"replies":[{"embeddable":true,"href":"https:\/\/www.buergerschaftshausev.de\/index.php?rest_route=%2Fwp%2Fv2%2Fcomments&post=169"}],"version-history":[{"count":20,"href":"https:\/\/www.buergerschaftshausev.de\/index.php?rest_route=\/wp\/v2\/pages\/169\/revisions"}],"predecessor-version":[{"id":1615,"href":"https:\/\/www.buergerschaftshausev.de\/index.php?rest_route=\/wp\/v2\/pages\/169\/revisions\/1615"}],"up":[{"embeddable":true,"href":"https:\/\/www.buergerschaftshausev.de\/index.php?rest_route=\/wp\/v2\/pages\/26"}],"wp:attachment":[{"href":"https:\/\/www.buergerschaftshausev.de\/index.php?rest_route=%2Fwp%2Fv2%2Fmedia&parent=169"}],"curies":[{"name":"wp","href":"https:\/\/api.w.org\/{rel}","templated":true}]}}