{"id":1690,"date":"2024-10-30T10:52:07","date_gmt":"2024-10-30T08:52:07","guid":{"rendered":"https:\/\/www.buergerschaftshausev.de\/?page_id=1690"},"modified":"2024-10-30T10:52:07","modified_gmt":"2024-10-30T08:52:07","slug":"auftrag-und-idee","status":"publish","type":"page","link":"https:\/\/www.buergerschaftshausev.de\/?page_id=1690","title":{"rendered":"Auftrag und Idee"},"content":{"rendered":"<p>\u201eEigentlich braucht jedes Kind drei Dinge. Es braucht Aufgaben, an denen es wachsen kann, es braucht Vorbilder, an denen es sich orientieren kann und es braucht Gemeinschaft, in denen es sich aufgehoben f\u00fchlt.\u201c\u00a0\u00a0 (Prof.Dr. Gerald H\u00fcther)<\/p>\n<p>Folgende Grunds\u00e4tze stellen die Basis unserer t\u00e4glichen Arbeit dar:<\/p>\n<ul>\n<li>Das Kind hat ein Anrecht auf Selbstbestimmung und eigene Lebensformen<\/li>\n<li>Jedes Kind wird auf seiner Entwicklungsstufe ernst genommen, seine Bed\u00fcrfnisse, Interessen und F\u00e4higkeiten werden anerkannt<\/li>\n<li>Kinder brauchen Freir\u00e4ume, das erfordert Vertrauen zum Kind<\/li>\n<li>F\u00f6rderung muss an den St\u00e4rken der Kinder orientiert sein, nicht an deren Schw\u00e4chen<\/li>\n<li>Kinder sollen lernen, Konflikte ohne Hilfe von Erwachsenen zu l\u00f6sen<\/li>\n<li>Die Beziehungen der Kinder untereinander sollen gef\u00f6rdert werden, um eine gr\u00f6\u00dftm\u00f6gliche Unabh\u00e4ngigkeit vom Erwachsenen zu erreichen<\/li>\n<li>Durch ganzheitliche Erziehung in einer liebevoll vorbereiteten Umgebung sollen die Kinder in ihren Lernprozessen unterst\u00fctzt werden und Selbstbewusstsein, Sachverstand und soziale Kompetenzen entwickeln<\/li>\n<\/ul>\n<p>Unsere Kita verf\u00fcgt \u00fcber eine ausf\u00fchrliche und systematische Konzeption, die detaillierte Informationen zu unseren Leits\u00e4tzen, Auftr\u00e4gen und deren Umsetzungen enth\u00e4lt. Diese Konzeption wird sp\u00e4testens alle 5 Jahre durch das Team und die Leitung \u00fcberpr\u00fcft und angepasst. Interessierte k\u00f6nnen diese einsehen, den Mitarbeiter*innen und Familien der Einrichtung liegt die Konzeption vor.<\/p>\n<p>Beispielhafte Ausz\u00fcge:<\/p>\n<ul>\n<li>Selbstbewusstsein f\u00f6rdern<\/li>\n<li>Lernen, in der Gemeinschaft zu leben<\/li>\n<li>Konzentration<\/li>\n<li>Konflikte l\u00f6sen<\/li>\n<li>Selbstst\u00e4ndigkeit<\/li>\n<li>Sich selbst in verschiedenen Rollen erfahren<\/li>\n<li>Soziale Kompetenzen sichtbar machen und sozial verantwortliches Handeln erlernen<\/li>\n<li>Selbstbildungspotentiale anregen<\/li>\n<li>Lernanregende R\u00e4ume gestalten<\/li>\n<li>Angebote\/Projekte aus den verschiedenen Bildungsbereichen, z.B.: &#8211; interkulturelle Bildung; &#8211; Gesundheits- und Ern\u00e4hrungserziehung; &#8211; Bewegungserziehung; &#8211; Sinnesschulung;<\/li>\n<li>Literacy\u2026<\/li>\n<\/ul>\n<p><strong>\u00a0<\/strong><\/p>\n","protected":false},"excerpt":{"rendered":"<p>\u201eEigentlich braucht jedes Kind drei Dinge. Es braucht Aufgaben, an denen es wachsen kann, es braucht Vorbilder, an denen es sich orientieren kann und es braucht Gemeinschaft, in denen es sich aufgehoben f\u00fchlt.\u201c\u00a0\u00a0 (Prof.Dr. Gerald H\u00fcther) Folgende Grunds\u00e4tze stellen die &hellip; <a href=\"https:\/\/www.buergerschaftshausev.de\/?page_id=1690\">Weiterlesen <span class=\"meta-nav\">&rarr;<\/span><\/a><\/p>\n","protected":false},"author":12,"featured_media":0,"parent":28,"menu_order":0,"comment_status":"closed","ping_status":"closed","template":"","meta":{"_bbp_topic_count":0,"_bbp_reply_count":0,"_bbp_total_topic_count":0,"_bbp_total_reply_count":0,"_bbp_voice_count":0,"_bbp_anonymous_reply_count":0,"_bbp_topic_count_hidden":0,"_bbp_reply_count_hidden":0,"_bbp_forum_subforum_count":0,"jetpack_post_was_ever_published":false,"footnotes":""},"class_list":["post-1690","page","type-page","status-publish","hentry"],"jetpack_sharing_enabled":true,"jetpack_shortlink":"https:\/\/wp.me\/P5AdbL-rg","_links":{"self":[{"href":"https:\/\/www.buergerschaftshausev.de\/index.php?rest_route=\/wp\/v2\/pages\/1690","targetHints":{"allow":["GET"]}}],"collection":[{"href":"https:\/\/www.buergerschaftshausev.de\/index.php?rest_route=\/wp\/v2\/pages"}],"about":[{"href":"https:\/\/www.buergerschaftshausev.de\/index.php?rest_route=\/wp\/v2\/types\/page"}],"author":[{"embeddable":true,"href":"https:\/\/www.buergerschaftshausev.de\/index.php?rest_route=\/wp\/v2\/users\/12"}],"replies":[{"embeddable":true,"href":"https:\/\/www.buergerschaftshausev.de\/index.php?rest_route=%2Fwp%2Fv2%2Fcomments&post=1690"}],"version-history":[{"count":1,"href":"https:\/\/www.buergerschaftshausev.de\/index.php?rest_route=\/wp\/v2\/pages\/1690\/revisions"}],"predecessor-version":[{"id":1691,"href":"https:\/\/www.buergerschaftshausev.de\/index.php?rest_route=\/wp\/v2\/pages\/1690\/revisions\/1691"}],"up":[{"embeddable":true,"href":"https:\/\/www.buergerschaftshausev.de\/index.php?rest_route=\/wp\/v2\/pages\/28"}],"wp:attachment":[{"href":"https:\/\/www.buergerschaftshausev.de\/index.php?rest_route=%2Fwp%2Fv2%2Fmedia&parent=1690"}],"curies":[{"name":"wp","href":"https:\/\/api.w.org\/{rel}","templated":true}]}}