{"id":1695,"date":"2024-10-30T11:16:23","date_gmt":"2024-10-30T09:16:23","guid":{"rendered":"https:\/\/www.buergerschaftshausev.de\/?page_id=1695"},"modified":"2024-10-30T11:16:23","modified_gmt":"2024-10-30T09:16:23","slug":"inklusion","status":"publish","type":"page","link":"https:\/\/www.buergerschaftshausev.de\/?page_id=1695","title":{"rendered":"Inklusion"},"content":{"rendered":"<p>In unserer Einrichtung betreuen wir Kinder aus vielf\u00e4ltigen Lebenswelten. F\u00fcr uns bedeutet Inklusion, jedes Kind und jede Familie wertzusch\u00e4tzen und zu integrieren. Wir begegnen den Familien und ihren unterschiedlichen Kulturen mit Offenheit und Interesse. In dieser Vielfalt sehen wir eine Chance, voneinander zu lernen und neue Perspektiven zu gewinnen. Nur so k\u00f6nnen echtes Verst\u00e4ndnis und gegenseitiges Verstehen wachsen.<\/p>\n<p>Jedes Kind betrachten wir als einzigartiges Individuum mit eigenen F\u00e4higkeiten und Potenzialen. Dies gilt unabh\u00e4ngig von geistigen, k\u00f6rperlichen, sozialen oder kulturellen Voraussetzungen.<\/p>\n<p>Unser Ziel ist es, f\u00fcr alle Kinder einen gemeinsamen Lebens-, Lern- und Spiel-Alltag zu schaffen. Alle Kinder haben die M\u00f6glichkeit, an allen Bereichen des Kindertagesst\u00e4ttenlebens gleichberechtigt teilzuhaben. Wir geben den Kindern die M\u00f6glichkeit, sich individuell zu entwickeln und den Alltag zusammen zu beschreiten.<\/p>\n<p>Verschiedenheit soll erlebbar werden. Jeder wird mit seinen individuellen F\u00e4higkeiten wertgesch\u00e4tzt. Den Kindern ist es ein Selbstverst\u00e4ndnis sich selbst und andere als \u201ewertvoll\u201c anzunehmen.<\/p>\n<p>Unser Verst\u00e4ndnis von Inklusion und die Umsetzung dieser Haltung sind in unserer Konzeption schriftlich fixiert und werden alle 5 Jahre gepr\u00fcft und aktualisiert. Die Konzeption ist in der Kindertagesst\u00e4tte einzusehen.<\/p>\n<p>Inklusion in unserem Hause gilt nicht allein f\u00fcr Menschen mit Beeintr\u00e4chtigung\u00a0\u2013 Inklusion gilt f\u00fcr JEDEN.<\/p>\n","protected":false},"excerpt":{"rendered":"<p>In unserer Einrichtung betreuen wir Kinder aus vielf\u00e4ltigen Lebenswelten. F\u00fcr uns bedeutet Inklusion, jedes Kind und jede Familie wertzusch\u00e4tzen und zu integrieren. Wir begegnen den Familien und ihren unterschiedlichen Kulturen mit Offenheit und Interesse. In dieser Vielfalt sehen wir eine &hellip; <a href=\"https:\/\/www.buergerschaftshausev.de\/?page_id=1695\">Weiterlesen <span class=\"meta-nav\">&rarr;<\/span><\/a><\/p>\n","protected":false},"author":12,"featured_media":0,"parent":28,"menu_order":0,"comment_status":"closed","ping_status":"closed","template":"","meta":{"_bbp_topic_count":0,"_bbp_reply_count":0,"_bbp_total_topic_count":0,"_bbp_total_reply_count":0,"_bbp_voice_count":0,"_bbp_anonymous_reply_count":0,"_bbp_topic_count_hidden":0,"_bbp_reply_count_hidden":0,"_bbp_forum_subforum_count":0,"jetpack_post_was_ever_published":false,"footnotes":""},"class_list":["post-1695","page","type-page","status-publish","hentry"],"jetpack_sharing_enabled":true,"jetpack_shortlink":"https:\/\/wp.me\/P5AdbL-rl","_links":{"self":[{"href":"https:\/\/www.buergerschaftshausev.de\/index.php?rest_route=\/wp\/v2\/pages\/1695","targetHints":{"allow":["GET"]}}],"collection":[{"href":"https:\/\/www.buergerschaftshausev.de\/index.php?rest_route=\/wp\/v2\/pages"}],"about":[{"href":"https:\/\/www.buergerschaftshausev.de\/index.php?rest_route=\/wp\/v2\/types\/page"}],"author":[{"embeddable":true,"href":"https:\/\/www.buergerschaftshausev.de\/index.php?rest_route=\/wp\/v2\/users\/12"}],"replies":[{"embeddable":true,"href":"https:\/\/www.buergerschaftshausev.de\/index.php?rest_route=%2Fwp%2Fv2%2Fcomments&post=1695"}],"version-history":[{"count":1,"href":"https:\/\/www.buergerschaftshausev.de\/index.php?rest_route=\/wp\/v2\/pages\/1695\/revisions"}],"predecessor-version":[{"id":1696,"href":"https:\/\/www.buergerschaftshausev.de\/index.php?rest_route=\/wp\/v2\/pages\/1695\/revisions\/1696"}],"up":[{"embeddable":true,"href":"https:\/\/www.buergerschaftshausev.de\/index.php?rest_route=\/wp\/v2\/pages\/28"}],"wp:attachment":[{"href":"https:\/\/www.buergerschaftshausev.de\/index.php?rest_route=%2Fwp%2Fv2%2Fmedia&parent=1695"}],"curies":[{"name":"wp","href":"https:\/\/api.w.org\/{rel}","templated":true}]}}