{"id":1697,"date":"2024-10-30T11:18:24","date_gmt":"2024-10-30T09:18:24","guid":{"rendered":"https:\/\/www.buergerschaftshausev.de\/?page_id=1697"},"modified":"2024-10-30T11:18:54","modified_gmt":"2024-10-30T09:18:54","slug":"kinderschutz","status":"publish","type":"page","link":"https:\/\/www.buergerschaftshausev.de\/?page_id=1697","title":{"rendered":"Kinderschutz"},"content":{"rendered":"<p>Kinderschutz und Kinderrechte sind f\u00fcr uns in der Kindertagesst\u00e4tte \u201eDie wilden F\u00fcchse\u201c selbstverst\u00e4ndlich und bilden die Basis unserer p\u00e4dagogischen Arbeit. Unser Ziel ist es, die Kinder vor Grenzverletzungen, \u00dcbergriffen und Missbrauch zu sch\u00fctzen.<\/p>\n<p>Die St\u00e4rkung der Kinderrechte sowie die Umsetzung des gesetzlich verankerten Kinderschutzes (Bundeskinderschutzgesetz) sind wesentliche Bestandteile unserer Arbeit, die wir konsequent umsetzen.<\/p>\n<p>Es ist wichtig, dass alle Beteiligten sich dar\u00fcber einig sind, was Kinderschutz in der Kindertagesst\u00e4tte bedeutet. Gemeinsam mit dem Tr\u00e4ger reflektieren wir, welche Verantwortung jede*r Einzelne tr\u00e4gt und wie wir als \u201eVerantwortungsgemeinschaft\u201c zum Schutz der Kinder beitragen k\u00f6nnen.<\/p>\n<p>Deshalb haben wir ein individuelles Gewaltschutzkonzept als Pr\u00e4ventionsma\u00dfnahme entwickelt. Wir haben uns gemeinsam informiert, fokussiert und sensibilisiert. Dabei haben wir die Grundlagen des Kinderschutzes und der Kinderrechte erarbeitet und die relevanten gesetzlichen Vorgaben ber\u00fccksichtigt.<\/p>\n<p>Ein weiteres Ziel ist es, eine Kultur der Achtsamkeit und des respektvollen Umgangs zu f\u00f6rdern. Diese Kultur bildet die Grundlage f\u00fcr den Schutz vor jeglicher Form von grenzverletzendem Verhalten im Alltag der Kindertagesst\u00e4tte.<\/p>\n<p>Der Tr\u00e4ger und die Leitungen tragen die Verantwortung f\u00fcr den systematischen Umgang mit Kinderschutz und Kinderrechten. Gleichzeitig sind alle p\u00e4dagogischen Fachkr\u00e4fte sowie weitere Mitarbeitende aufgefordert, sich aktiv einzubringen. Die Bereitschaft zur Selbstreflexion sowie eine Kultur des Hinsehens und kollegialen Feedbacks sind dabei entscheidend.<\/p>\n<p>Obwohl schwerwiegende Formen der Kindeswohlgef\u00e4hrdung im Kinderschutz wichtig sind, liegt unser Fokus auf allt\u00e4glichen Formen von Gewalt, besonders Grenzverletzungen in Wort und Tat.<\/p>\n<p>Das Schutzkonzept ist Teil unseres Qualit\u00e4tsmanagementsystems. Es wird regelm\u00e4\u00dfig gemeinsam mit allen Beteiligten reflektiert, angepasst und weiterentwickelt.<\/p>\n<p>Wie setzen wir den Kinderschutz in unserer Kindertagesst\u00e4tte \u201eDie wilden F\u00fcchse\u201c konkret um?<\/p>\n<p>Wir m\u00f6chten die Kinder emotional st\u00e4rken, sie liebevoll und achtsam begleiten und ihnen helfen, ihren Platz in der Gemeinschaft zu finden. Wir ermutigen die Kinder, ihre Meinung zu \u00e4u\u00dfern, sich zu beschweren und den Alltag in der Kindertageseinrichtung aktiv mitzugestalten.<\/p>\n<p>Wir unterst\u00fctzen die Kinder dabei, sich selbst und ihren K\u00f6rper wahrzunehmen, eigene Grenzen und die der anderen zu respektieren und achtsam miteinander umzugehen. Grenzverletzendes und \u00fcbergriffiges Verhalten sprechen wir angemessen an und suchen gemeinsam nach L\u00f6sungen.<\/p>\n<p>Wenn wir bei den Erwachsenen Anzeichen von \u00dcberforderung oder \u00dcberlastung bemerken, bieten wir einen vertrauensvollen Rahmen, um dar\u00fcber zu sprechen, und helfen bei der Suche nach geeigneten Hilfsangeboten.<\/p>\n<p>Das Gewaltschutzkonzept kann in der Kindertagesst\u00e4tte eingesehen werden.<\/p>\n","protected":false},"excerpt":{"rendered":"<p>Kinderschutz und Kinderrechte sind f\u00fcr uns in der Kindertagesst\u00e4tte \u201eDie wilden F\u00fcchse\u201c selbstverst\u00e4ndlich und bilden die Basis unserer p\u00e4dagogischen Arbeit. Unser Ziel ist es, die Kinder vor Grenzverletzungen, \u00dcbergriffen und Missbrauch zu sch\u00fctzen. Die St\u00e4rkung der Kinderrechte sowie die Umsetzung &hellip; <a href=\"https:\/\/www.buergerschaftshausev.de\/?page_id=1697\">Weiterlesen <span class=\"meta-nav\">&rarr;<\/span><\/a><\/p>\n","protected":false},"author":12,"featured_media":0,"parent":28,"menu_order":0,"comment_status":"closed","ping_status":"closed","template":"","meta":{"_bbp_topic_count":0,"_bbp_reply_count":0,"_bbp_total_topic_count":0,"_bbp_total_reply_count":0,"_bbp_voice_count":0,"_bbp_anonymous_reply_count":0,"_bbp_topic_count_hidden":0,"_bbp_reply_count_hidden":0,"_bbp_forum_subforum_count":0,"jetpack_post_was_ever_published":false,"footnotes":""},"class_list":["post-1697","page","type-page","status-publish","hentry"],"jetpack_sharing_enabled":true,"jetpack_shortlink":"https:\/\/wp.me\/P5AdbL-rn","_links":{"self":[{"href":"https:\/\/www.buergerschaftshausev.de\/index.php?rest_route=\/wp\/v2\/pages\/1697","targetHints":{"allow":["GET"]}}],"collection":[{"href":"https:\/\/www.buergerschaftshausev.de\/index.php?rest_route=\/wp\/v2\/pages"}],"about":[{"href":"https:\/\/www.buergerschaftshausev.de\/index.php?rest_route=\/wp\/v2\/types\/page"}],"author":[{"embeddable":true,"href":"https:\/\/www.buergerschaftshausev.de\/index.php?rest_route=\/wp\/v2\/users\/12"}],"replies":[{"embeddable":true,"href":"https:\/\/www.buergerschaftshausev.de\/index.php?rest_route=%2Fwp%2Fv2%2Fcomments&post=1697"}],"version-history":[{"count":1,"href":"https:\/\/www.buergerschaftshausev.de\/index.php?rest_route=\/wp\/v2\/pages\/1697\/revisions"}],"predecessor-version":[{"id":1698,"href":"https:\/\/www.buergerschaftshausev.de\/index.php?rest_route=\/wp\/v2\/pages\/1697\/revisions\/1698"}],"up":[{"embeddable":true,"href":"https:\/\/www.buergerschaftshausev.de\/index.php?rest_route=\/wp\/v2\/pages\/28"}],"wp:attachment":[{"href":"https:\/\/www.buergerschaftshausev.de\/index.php?rest_route=%2Fwp%2Fv2%2Fmedia&parent=1697"}],"curies":[{"name":"wp","href":"https:\/\/api.w.org\/{rel}","templated":true}]}}