{"id":1699,"date":"2024-10-30T11:20:43","date_gmt":"2024-10-30T09:20:43","guid":{"rendered":"https:\/\/www.buergerschaftshausev.de\/?page_id=1699"},"modified":"2024-10-30T11:20:43","modified_gmt":"2024-10-30T09:20:43","slug":"kindergartenplatz","status":"publish","type":"page","link":"https:\/\/www.buergerschaftshausev.de\/?page_id=1699","title":{"rendered":"Kindergartenplatz"},"content":{"rendered":"<p>Wie erhalte ich einen Platz?<\/p>\n<p>In K\u00f6ln gibt es ein einheitliches Anmeldeverfahren mit dem Namen \u201eLittle Bird\u201c (siehe Link). Dort k\u00f6nnen Sie sich registrieren und in bis zu 5 Kindertagesst\u00e4tten anmelden.<\/p>\n<p>Sobald Sie Ihr Kind \u00fcber das Portal in unserer Kita angemeldet haben, bekommen wir Ihre Daten und setzen Sie auf unsere Warteliste.<\/p>\n<p>Die freiwerdenden Pl\u00e4tze im August (Einschulung) werden im Januar neu vergeben. Die Vergabe der Pl\u00e4tze erfolgt aufgrund folgender Aspekte:<\/p>\n<ul>\n<li>Berufst\u00e4tigkeit<\/li>\n<li>Familienstand<\/li>\n<li>Wohnen oder Arbeiten in Bocklem\u00fcnd<\/li>\n<li>Alter des Kindes<\/li>\n<li>Unterst\u00fctzungsbedarf<\/li>\n<li>Bevorzugung von Geschwisterkindern<\/li>\n<\/ul>\n<p>Auch im Laufe des Jahres werden manchmal Pl\u00e4tze frei (durch Umzug o.\u00e4.), die dann sofort neu vergeben werden. Nationalit\u00e4t und Religion spielen bei der Vergabe der Pl\u00e4tze keine Rolle.<\/p>\n<p>\u00dcber die Vergabe der Pl\u00e4tze entscheidet die Leitung der Einrichtung in Absprache mit dem Elternrat und dem Tr\u00e4ger.<\/p>\n<p>Die Anmeldung bei uns bedeutet nicht, dass Ihr Kind auf jeden Fall einen Platz bei uns bekommt. Wir werden uns aber nach Kr\u00e4ften bem\u00fchen, Ihnen bei der Versorgung Ihres Kindes zu helfen.<\/p>\n<p>Um den Rechtsanspruch auf einen Kindergartenplatz einzufordern, m\u00fcssen Sie Ihr Kind bei der Stadt K\u00f6ln anmelden. \u00dcberhaupt ist die Anmeldung in verschiedenen Kinderg\u00e4rten empfehlenswert!<\/p>\n<p>Gerne sind Sie eingeladen, sich unsere Einrichtung anzuschauen. Vereinbaren Sie bitte mit der Leitung, telefonisch oder per E-Mail einen Termin.<\/p>\n<p>Feste Sprechzeiten der Leitung sind jeden Montag von 14:30 \u2013 16:00 Uhr. Bei Bedarf k\u00f6nnen aber auch andere Zeiten vereinbart werden.<\/p>\n<p>Nach Abschluss des Betreuungsvertrages erhalten Sie ein Formular zur Erkl\u00e4rung des Einkommens, das Sie dem Jugendamt der Stadt K\u00f6ln zukommen lassen m\u00fcssen. Danach wird der monatliche Kindergartenbeitrag f\u00fcr Sie berechnet, den Sie an die Stadt bezahlen m\u00fcssen. F\u00fcr die Teilnahme am Mittagessen erheben wir einen Unkostenbeitrag von 30 \u20ac f\u00fcr die Kinder unter drei Jahren und von 50 \u20ac f\u00fcr die Kinder ab 3 Jahren pro Monat.<\/p>\n<p><a href=\"https:\/\/portal-koeln.little-bird.de\/Nutzer\/Anmelden\"><strong>KiTa-Portal K\u00f6ln :: Login (little-bird.de)<\/strong><\/a><\/p>\n","protected":false},"excerpt":{"rendered":"<p>Wie erhalte ich einen Platz? In K\u00f6ln gibt es ein einheitliches Anmeldeverfahren mit dem Namen \u201eLittle Bird\u201c (siehe Link). Dort k\u00f6nnen Sie sich registrieren und in bis zu 5 Kindertagesst\u00e4tten anmelden. Sobald Sie Ihr Kind \u00fcber das Portal in unserer &hellip; <a href=\"https:\/\/www.buergerschaftshausev.de\/?page_id=1699\">Weiterlesen <span class=\"meta-nav\">&rarr;<\/span><\/a><\/p>\n","protected":false},"author":12,"featured_media":0,"parent":28,"menu_order":0,"comment_status":"closed","ping_status":"closed","template":"","meta":{"_bbp_topic_count":0,"_bbp_reply_count":0,"_bbp_total_topic_count":0,"_bbp_total_reply_count":0,"_bbp_voice_count":0,"_bbp_anonymous_reply_count":0,"_bbp_topic_count_hidden":0,"_bbp_reply_count_hidden":0,"_bbp_forum_subforum_count":0,"jetpack_post_was_ever_published":false,"footnotes":""},"class_list":["post-1699","page","type-page","status-publish","hentry"],"jetpack_sharing_enabled":true,"jetpack_shortlink":"https:\/\/wp.me\/P5AdbL-rp","_links":{"self":[{"href":"https:\/\/www.buergerschaftshausev.de\/index.php?rest_route=\/wp\/v2\/pages\/1699","targetHints":{"allow":["GET"]}}],"collection":[{"href":"https:\/\/www.buergerschaftshausev.de\/index.php?rest_route=\/wp\/v2\/pages"}],"about":[{"href":"https:\/\/www.buergerschaftshausev.de\/index.php?rest_route=\/wp\/v2\/types\/page"}],"author":[{"embeddable":true,"href":"https:\/\/www.buergerschaftshausev.de\/index.php?rest_route=\/wp\/v2\/users\/12"}],"replies":[{"embeddable":true,"href":"https:\/\/www.buergerschaftshausev.de\/index.php?rest_route=%2Fwp%2Fv2%2Fcomments&post=1699"}],"version-history":[{"count":2,"href":"https:\/\/www.buergerschaftshausev.de\/index.php?rest_route=\/wp\/v2\/pages\/1699\/revisions"}],"predecessor-version":[{"id":1701,"href":"https:\/\/www.buergerschaftshausev.de\/index.php?rest_route=\/wp\/v2\/pages\/1699\/revisions\/1701"}],"up":[{"embeddable":true,"href":"https:\/\/www.buergerschaftshausev.de\/index.php?rest_route=\/wp\/v2\/pages\/28"}],"wp:attachment":[{"href":"https:\/\/www.buergerschaftshausev.de\/index.php?rest_route=%2Fwp%2Fv2%2Fmedia&parent=1699"}],"curies":[{"name":"wp","href":"https:\/\/api.w.org\/{rel}","templated":true}]}}