{"id":1706,"date":"2024-10-30T11:31:13","date_gmt":"2024-10-30T09:31:13","guid":{"rendered":"https:\/\/www.buergerschaftshausev.de\/?page_id=1706"},"modified":"2024-10-30T11:32:05","modified_gmt":"2024-10-30T09:32:05","slug":"kooperationen","status":"publish","type":"page","link":"https:\/\/www.buergerschaftshausev.de\/?page_id=1706","title":{"rendered":"Kooperationen"},"content":{"rendered":"<p>Bereits vor der Vernetzung als Familienzentrum, lag es uns am Herzen mit den unterschiedlichen Akteuren im Stadtteil zu kooperieren. Wir m\u00f6chten damit ein Angebot schaffen, dass nicht nur auf die Betreuung und Bildung der Kinder ausgelegt ist, sondern auch eine Anlaufstelle f\u00fcr Menschen aus dem Stadtteil sein kann.<\/p>\n<p>Wir wissen nicht alles, aber wir wissen vielleicht an wen Sie sich wenden k\u00f6nnen.<\/p>\n<p>Zur Sicherstellung der F\u00f6rderung unserer Kita-Kinder und dem Angebot f\u00fcr Familien arbeiten wir z.B. eng mit folgenden Institutionen zusammen:<\/p>\n<ul>\n<li>B\u00fcrgerschaftshaus e.V., Tr\u00e4ger der Einrichtung, 0221-26155010<\/li>\n<li>Sozialraumkoordination Bocklem\u00fcnd\/Mengenich, 0221-26155015<\/li>\n<li>Praxis f\u00fcr Sprachtherapie Leuschen &amp; Melching-Nakielski, 0221-13061279<\/li>\n<li>Zentrum f\u00fcr Fr\u00fchbehandlung Bocklem\u00fcnd, 0221-995095-29<\/li>\n<li>Katholische Grundschule Mengenicher Str., 0221-22139341<\/li>\n<li>Schule Kunterbunt, 0221-28557940<\/li>\n<li>Zwergenklang, musikalische Fr\u00fchf\u00f6rderung, 0221-96306243<\/li>\n<li>St\u00e4dt. Familienberatungsstelle Ehrenfeld, 0221 221-30625<\/li>\n<li>Kinderschutzbund K\u00f6ln, 0221-577770<\/li>\n<\/ul>\n","protected":false},"excerpt":{"rendered":"<p>Bereits vor der Vernetzung als Familienzentrum, lag es uns am Herzen mit den unterschiedlichen Akteuren im Stadtteil zu kooperieren. Wir m\u00f6chten damit ein Angebot schaffen, dass nicht nur auf die Betreuung und Bildung der Kinder ausgelegt ist, sondern auch eine &hellip; <a href=\"https:\/\/www.buergerschaftshausev.de\/?page_id=1706\">Weiterlesen <span class=\"meta-nav\">&rarr;<\/span><\/a><\/p>\n","protected":false},"author":12,"featured_media":0,"parent":28,"menu_order":0,"comment_status":"closed","ping_status":"closed","template":"","meta":{"_bbp_topic_count":0,"_bbp_reply_count":0,"_bbp_total_topic_count":0,"_bbp_total_reply_count":0,"_bbp_voice_count":0,"_bbp_anonymous_reply_count":0,"_bbp_topic_count_hidden":0,"_bbp_reply_count_hidden":0,"_bbp_forum_subforum_count":0,"jetpack_post_was_ever_published":false,"footnotes":""},"class_list":["post-1706","page","type-page","status-publish","hentry"],"jetpack_sharing_enabled":true,"jetpack_shortlink":"https:\/\/wp.me\/P5AdbL-rw","_links":{"self":[{"href":"https:\/\/www.buergerschaftshausev.de\/index.php?rest_route=\/wp\/v2\/pages\/1706","targetHints":{"allow":["GET"]}}],"collection":[{"href":"https:\/\/www.buergerschaftshausev.de\/index.php?rest_route=\/wp\/v2\/pages"}],"about":[{"href":"https:\/\/www.buergerschaftshausev.de\/index.php?rest_route=\/wp\/v2\/types\/page"}],"author":[{"embeddable":true,"href":"https:\/\/www.buergerschaftshausev.de\/index.php?rest_route=\/wp\/v2\/users\/12"}],"replies":[{"embeddable":true,"href":"https:\/\/www.buergerschaftshausev.de\/index.php?rest_route=%2Fwp%2Fv2%2Fcomments&post=1706"}],"version-history":[{"count":1,"href":"https:\/\/www.buergerschaftshausev.de\/index.php?rest_route=\/wp\/v2\/pages\/1706\/revisions"}],"predecessor-version":[{"id":1707,"href":"https:\/\/www.buergerschaftshausev.de\/index.php?rest_route=\/wp\/v2\/pages\/1706\/revisions\/1707"}],"up":[{"embeddable":true,"href":"https:\/\/www.buergerschaftshausev.de\/index.php?rest_route=\/wp\/v2\/pages\/28"}],"wp:attachment":[{"href":"https:\/\/www.buergerschaftshausev.de\/index.php?rest_route=%2Fwp%2Fv2%2Fmedia&parent=1706"}],"curies":[{"name":"wp","href":"https:\/\/api.w.org\/{rel}","templated":true}]}}