{"id":181,"date":"2015-01-08T23:37:47","date_gmt":"2015-01-08T21:37:47","guid":{"rendered":"http:\/\/www.buergerschaftshausev.de\/?page_id=181"},"modified":"2020-01-14T19:12:30","modified_gmt":"2020-01-14T17:12:30","slug":"herbstferien-2013","status":"publish","type":"page","link":"https:\/\/www.buergerschaftshausev.de\/?page_id=181","title":{"rendered":"Segelfreizeit"},"content":{"rendered":"<p><strong>Jetzt zur Segelfahrt 2020 anmelden:<\/strong><\/p>\n<p><img loading=\"lazy\" decoding=\"async\" class=\"alignnone wp-image-1097 size-large\" src=\"https:\/\/www.buergerschaftshausev.de\/wp-content\/uploads\/2020\/01\/Plakat-Segeln2020-600x424.jpg\" alt=\"\" width=\"600\" height=\"424\" srcset=\"https:\/\/www.buergerschaftshausev.de\/wp-content\/uploads\/2020\/01\/Plakat-Segeln2020-600x424.jpg 600w, https:\/\/www.buergerschaftshausev.de\/wp-content\/uploads\/2020\/01\/Plakat-Segeln2020-300x212.jpg 300w, https:\/\/www.buergerschaftshausev.de\/wp-content\/uploads\/2020\/01\/Plakat-Segeln2020-150x106.jpg 150w, https:\/\/www.buergerschaftshausev.de\/wp-content\/uploads\/2020\/01\/Plakat-Segeln2020-768x543.jpg 768w, https:\/\/www.buergerschaftshausev.de\/wp-content\/uploads\/2020\/01\/Plakat-Segeln2020-1536x1086.jpg 1536w, https:\/\/www.buergerschaftshausev.de\/wp-content\/uploads\/2020\/01\/Plakat-Segeln2020.jpg 1754w\" sizes=\"auto, (max-width: 600px) 100vw, 600px\" \/><\/p>\n<p><em><strong>Segeln Ostern 2018: <\/strong><\/em><\/p>\n<p><em><strong>\u201cHart am Wind&#8230;- Das Abenteuer ruft \u2026!\u201c<br \/>\n<\/strong><\/em><\/p>\n<p>Wir haben mit einer Gruppe von 12 Jugendlichen 4 Tage an Bord eines gro\u00dfen Segelschiffes mit dem Namen <strong><em>\u201eWending\u201c<\/em><\/strong> verbracht und die Skipper bei Ihrer Arbeit tatkr\u00e4ftig unterst\u00fctzt. Gemeinsam haben wir die gro\u00dfen Segel gesetzt, das Schiff gesteuert und in Ordnung halten. Einkaufen und kochen z\u00e4hlte auch zu unseren Aufgaben. An Land haben wir die kleinen Hafenst\u00e4dtchen erkundet und es gab Zeit f\u00fcr Entspannung und gemeinsame Aktionen. Nat\u00fcrlich haben wir auch an Bord \u00fcbernachtet.<\/p>\n<p><em>\u00a0<img loading=\"lazy\" decoding=\"async\" class=\"alignnone size-medium wp-image-869\" src=\"https:\/\/www.buergerschaftshausev.de\/wp-content\/uploads\/2018\/05\/IMG_7523-e1525876374618-169x300.jpg\" alt=\"\" width=\"169\" height=\"300\" srcset=\"https:\/\/www.buergerschaftshausev.de\/wp-content\/uploads\/2018\/05\/IMG_7523-e1525876374618-169x300.jpg 169w, https:\/\/www.buergerschaftshausev.de\/wp-content\/uploads\/2018\/05\/IMG_7523-e1525876374618-84x150.jpg 84w, https:\/\/www.buergerschaftshausev.de\/wp-content\/uploads\/2018\/05\/IMG_7523-e1525876374618-768x1367.jpg 768w, https:\/\/www.buergerschaftshausev.de\/wp-content\/uploads\/2018\/05\/IMG_7523-e1525876374618-337x600.jpg 337w\" sizes=\"auto, (max-width: 169px) 100vw, 169px\" \/> <img loading=\"lazy\" decoding=\"async\" class=\"alignnone size-medium wp-image-868\" src=\"https:\/\/www.buergerschaftshausev.de\/wp-content\/uploads\/2018\/05\/IMG_7515-300x169.jpg\" alt=\"\" width=\"300\" height=\"169\" srcset=\"https:\/\/www.buergerschaftshausev.de\/wp-content\/uploads\/2018\/05\/IMG_7515-300x169.jpg 300w, https:\/\/www.buergerschaftshausev.de\/wp-content\/uploads\/2018\/05\/IMG_7515-150x84.jpg 150w, https:\/\/www.buergerschaftshausev.de\/wp-content\/uploads\/2018\/05\/IMG_7515-768x432.jpg 768w, https:\/\/www.buergerschaftshausev.de\/wp-content\/uploads\/2018\/05\/IMG_7515-600x337.jpg 600w\" sizes=\"auto, (max-width: 300px) 100vw, 300px\" \/> <img loading=\"lazy\" decoding=\"async\" class=\"alignnone size-medium wp-image-872\" src=\"https:\/\/www.buergerschaftshausev.de\/wp-content\/uploads\/2018\/05\/IMG_7532-300x169.jpg\" alt=\"\" width=\"300\" height=\"169\" srcset=\"https:\/\/www.buergerschaftshausev.de\/wp-content\/uploads\/2018\/05\/IMG_7532-300x169.jpg 300w, https:\/\/www.buergerschaftshausev.de\/wp-content\/uploads\/2018\/05\/IMG_7532-150x84.jpg 150w, https:\/\/www.buergerschaftshausev.de\/wp-content\/uploads\/2018\/05\/IMG_7532-768x432.jpg 768w, https:\/\/www.buergerschaftshausev.de\/wp-content\/uploads\/2018\/05\/IMG_7532-600x337.jpg 600w\" sizes=\"auto, (max-width: 300px) 100vw, 300px\" \/><\/em><em> <img loading=\"lazy\" decoding=\"async\" class=\"alignnone size-medium wp-image-865\" src=\"https:\/\/www.buergerschaftshausev.de\/wp-content\/uploads\/2018\/05\/IMG_7453-300x169.jpg\" alt=\"\" width=\"300\" height=\"169\" srcset=\"https:\/\/www.buergerschaftshausev.de\/wp-content\/uploads\/2018\/05\/IMG_7453-300x169.jpg 300w, https:\/\/www.buergerschaftshausev.de\/wp-content\/uploads\/2018\/05\/IMG_7453-150x84.jpg 150w, https:\/\/www.buergerschaftshausev.de\/wp-content\/uploads\/2018\/05\/IMG_7453-768x432.jpg 768w, https:\/\/www.buergerschaftshausev.de\/wp-content\/uploads\/2018\/05\/IMG_7453-600x337.jpg 600w\" sizes=\"auto, (max-width: 300px) 100vw, 300px\" \/><\/em><em> <img loading=\"lazy\" decoding=\"async\" class=\"alignnone size-medium wp-image-867\" src=\"https:\/\/www.buergerschaftshausev.de\/wp-content\/uploads\/2018\/05\/IMG_7497-300x169.jpg\" alt=\"\" width=\"300\" height=\"169\" srcset=\"https:\/\/www.buergerschaftshausev.de\/wp-content\/uploads\/2018\/05\/IMG_7497-300x169.jpg 300w, https:\/\/www.buergerschaftshausev.de\/wp-content\/uploads\/2018\/05\/IMG_7497-150x84.jpg 150w, https:\/\/www.buergerschaftshausev.de\/wp-content\/uploads\/2018\/05\/IMG_7497-768x432.jpg 768w, https:\/\/www.buergerschaftshausev.de\/wp-content\/uploads\/2018\/05\/IMG_7497-600x337.jpg 600w\" sizes=\"auto, (max-width: 300px) 100vw, 300px\" \/> <img loading=\"lazy\" decoding=\"async\" class=\"alignnone size-medium wp-image-862\" src=\"https:\/\/www.buergerschaftshausev.de\/wp-content\/uploads\/2018\/05\/IMG-20180328-WA0089-300x215.jpg\" alt=\"\" width=\"300\" height=\"215\" srcset=\"https:\/\/www.buergerschaftshausev.de\/wp-content\/uploads\/2018\/05\/IMG-20180328-WA0089-300x215.jpg 300w, https:\/\/www.buergerschaftshausev.de\/wp-content\/uploads\/2018\/05\/IMG-20180328-WA0089-150x108.jpg 150w, https:\/\/www.buergerschaftshausev.de\/wp-content\/uploads\/2018\/05\/IMG-20180328-WA0089-768x551.jpg 768w, https:\/\/www.buergerschaftshausev.de\/wp-content\/uploads\/2018\/05\/IMG-20180328-WA0089-600x430.jpg 600w, https:\/\/www.buergerschaftshausev.de\/wp-content\/uploads\/2018\/05\/IMG-20180328-WA0089.jpg 1280w\" sizes=\"auto, (max-width: 300px) 100vw, 300px\" \/><\/em><em> <img loading=\"lazy\" decoding=\"async\" class=\"alignnone size-medium wp-image-864\" src=\"https:\/\/www.buergerschaftshausev.de\/wp-content\/uploads\/2018\/05\/IMG_7451-300x169.jpg\" alt=\"\" width=\"300\" height=\"169\" srcset=\"https:\/\/www.buergerschaftshausev.de\/wp-content\/uploads\/2018\/05\/IMG_7451-300x169.jpg 300w, https:\/\/www.buergerschaftshausev.de\/wp-content\/uploads\/2018\/05\/IMG_7451-150x84.jpg 150w, https:\/\/www.buergerschaftshausev.de\/wp-content\/uploads\/2018\/05\/IMG_7451-768x432.jpg 768w, https:\/\/www.buergerschaftshausev.de\/wp-content\/uploads\/2018\/05\/IMG_7451-600x337.jpg 600w\" sizes=\"auto, (max-width: 300px) 100vw, 300px\" \/> <img loading=\"lazy\" decoding=\"async\" class=\"alignnone size-medium wp-image-859\" src=\"https:\/\/www.buergerschaftshausev.de\/wp-content\/uploads\/2018\/05\/DSC_1690-300x169.jpg\" alt=\"\" width=\"300\" height=\"169\" srcset=\"https:\/\/www.buergerschaftshausev.de\/wp-content\/uploads\/2018\/05\/DSC_1690-300x169.jpg 300w, https:\/\/www.buergerschaftshausev.de\/wp-content\/uploads\/2018\/05\/DSC_1690-150x84.jpg 150w, https:\/\/www.buergerschaftshausev.de\/wp-content\/uploads\/2018\/05\/DSC_1690-768x432.jpg 768w, https:\/\/www.buergerschaftshausev.de\/wp-content\/uploads\/2018\/05\/DSC_1690-600x338.jpg 600w\" sizes=\"auto, (max-width: 300px) 100vw, 300px\" \/><\/em><em> <img loading=\"lazy\" decoding=\"async\" class=\"alignnone size-medium wp-image-856\" src=\"https:\/\/www.buergerschaftshausev.de\/wp-content\/uploads\/2018\/05\/20180327_143243-225x300.jpg\" alt=\"\" width=\"225\" height=\"300\" srcset=\"https:\/\/www.buergerschaftshausev.de\/wp-content\/uploads\/2018\/05\/20180327_143243-225x300.jpg 225w, https:\/\/www.buergerschaftshausev.de\/wp-content\/uploads\/2018\/05\/20180327_143243-113x150.jpg 113w, https:\/\/www.buergerschaftshausev.de\/wp-content\/uploads\/2018\/05\/20180327_143243-768x1024.jpg 768w, https:\/\/www.buergerschaftshausev.de\/wp-content\/uploads\/2018\/05\/20180327_143243-450x600.jpg 450w\" sizes=\"auto, (max-width: 225px) 100vw, 225px\" \/><\/em><em> <img loading=\"lazy\" decoding=\"async\" class=\"alignnone size-medium wp-image-858\" src=\"https:\/\/www.buergerschaftshausev.de\/wp-content\/uploads\/2018\/05\/DSC_1669-300x169.jpg\" alt=\"\" width=\"300\" height=\"169\" srcset=\"https:\/\/www.buergerschaftshausev.de\/wp-content\/uploads\/2018\/05\/DSC_1669-300x169.jpg 300w, https:\/\/www.buergerschaftshausev.de\/wp-content\/uploads\/2018\/05\/DSC_1669-150x84.jpg 150w, https:\/\/www.buergerschaftshausev.de\/wp-content\/uploads\/2018\/05\/DSC_1669-768x432.jpg 768w, https:\/\/www.buergerschaftshausev.de\/wp-content\/uploads\/2018\/05\/DSC_1669-600x338.jpg 600w\" sizes=\"auto, (max-width: 300px) 100vw, 300px\" \/><\/em><em> <img loading=\"lazy\" decoding=\"async\" class=\"alignnone size-medium wp-image-861\" src=\"https:\/\/www.buergerschaftshausev.de\/wp-content\/uploads\/2018\/05\/IMG-20180328-WA0063-300x225.jpg\" alt=\"\" width=\"300\" height=\"225\" srcset=\"https:\/\/www.buergerschaftshausev.de\/wp-content\/uploads\/2018\/05\/IMG-20180328-WA0063-300x225.jpg 300w, https:\/\/www.buergerschaftshausev.de\/wp-content\/uploads\/2018\/05\/IMG-20180328-WA0063-150x113.jpg 150w, https:\/\/www.buergerschaftshausev.de\/wp-content\/uploads\/2018\/05\/IMG-20180328-WA0063-768x576.jpg 768w, https:\/\/www.buergerschaftshausev.de\/wp-content\/uploads\/2018\/05\/IMG-20180328-WA0063-600x450.jpg 600w, https:\/\/www.buergerschaftshausev.de\/wp-content\/uploads\/2018\/05\/IMG-20180328-WA0063.jpg 1280w\" sizes=\"auto, (max-width: 300px) 100vw, 300px\" \/><\/em><em> <img loading=\"lazy\" decoding=\"async\" class=\"alignnone size-medium wp-image-860\" src=\"https:\/\/www.buergerschaftshausev.de\/wp-content\/uploads\/2018\/05\/IMG-20180328-WA0042-225x300.jpg\" alt=\"\" width=\"225\" height=\"300\" srcset=\"https:\/\/www.buergerschaftshausev.de\/wp-content\/uploads\/2018\/05\/IMG-20180328-WA0042-225x300.jpg 225w, https:\/\/www.buergerschaftshausev.de\/wp-content\/uploads\/2018\/05\/IMG-20180328-WA0042-113x150.jpg 113w, https:\/\/www.buergerschaftshausev.de\/wp-content\/uploads\/2018\/05\/IMG-20180328-WA0042-768x1024.jpg 768w, https:\/\/www.buergerschaftshausev.de\/wp-content\/uploads\/2018\/05\/IMG-20180328-WA0042-450x600.jpg 450w, https:\/\/www.buergerschaftshausev.de\/wp-content\/uploads\/2018\/05\/IMG-20180328-WA0042.jpg 960w\" sizes=\"auto, (max-width: 225px) 100vw, 225px\" \/> <img loading=\"lazy\" decoding=\"async\" class=\"alignnone size-medium wp-image-863\" src=\"https:\/\/www.buergerschaftshausev.de\/wp-content\/uploads\/2018\/05\/IMG_20180327_151912-300x100.jpg\" alt=\"\" width=\"300\" height=\"100\" srcset=\"https:\/\/www.buergerschaftshausev.de\/wp-content\/uploads\/2018\/05\/IMG_20180327_151912-300x100.jpg 300w, https:\/\/www.buergerschaftshausev.de\/wp-content\/uploads\/2018\/05\/IMG_20180327_151912-150x50.jpg 150w, https:\/\/www.buergerschaftshausev.de\/wp-content\/uploads\/2018\/05\/IMG_20180327_151912-768x256.jpg 768w, https:\/\/www.buergerschaftshausev.de\/wp-content\/uploads\/2018\/05\/IMG_20180327_151912-600x200.jpg 600w, https:\/\/www.buergerschaftshausev.de\/wp-content\/uploads\/2018\/05\/IMG_20180327_151912.jpg 1680w\" sizes=\"auto, (max-width: 300px) 100vw, 300px\" \/><\/em><em><img loading=\"lazy\" decoding=\"async\" class=\"alignnone size-medium wp-image-873\" src=\"https:\/\/www.buergerschaftshausev.de\/wp-content\/uploads\/2018\/05\/IMG_7555-300x169.jpg\" alt=\"\" width=\"300\" height=\"169\" srcset=\"https:\/\/www.buergerschaftshausev.de\/wp-content\/uploads\/2018\/05\/IMG_7555-300x169.jpg 300w, https:\/\/www.buergerschaftshausev.de\/wp-content\/uploads\/2018\/05\/IMG_7555-150x84.jpg 150w, https:\/\/www.buergerschaftshausev.de\/wp-content\/uploads\/2018\/05\/IMG_7555-768x432.jpg 768w, https:\/\/www.buergerschaftshausev.de\/wp-content\/uploads\/2018\/05\/IMG_7555-600x337.jpg 600w\" sizes=\"auto, (max-width: 300px) 100vw, 300px\" \/><\/em><\/p>\n<p><em>\u00a0<\/em><\/p>\n<p><strong>Fotos vergangener Segelfreizeiten<\/strong><\/p>\n<p><em><img loading=\"lazy\" decoding=\"async\" class=\"wp-image-787 alignnone\" src=\"http:\/\/www.buergerschaftshausev.de\/wp-content\/uploads\/2015\/01\/IMG-20170412-WA0005-300x180.jpeg\" alt=\"\" width=\"270\" height=\"162\" srcset=\"https:\/\/www.buergerschaftshausev.de\/wp-content\/uploads\/2015\/01\/IMG-20170412-WA0005-300x180.jpeg 300w, https:\/\/www.buergerschaftshausev.de\/wp-content\/uploads\/2015\/01\/IMG-20170412-WA0005-150x90.jpeg 150w, https:\/\/www.buergerschaftshausev.de\/wp-content\/uploads\/2015\/01\/IMG-20170412-WA0005-768x461.jpeg 768w, https:\/\/www.buergerschaftshausev.de\/wp-content\/uploads\/2015\/01\/IMG-20170412-WA0005-600x360.jpeg 600w\" sizes=\"auto, (max-width: 270px) 100vw, 270px\" \/><\/em><em>\u00a0<\/em> <em><img loading=\"lazy\" decoding=\"async\" class=\"wp-image-790 alignnone\" src=\"http:\/\/www.buergerschaftshausev.de\/wp-content\/uploads\/2015\/01\/IMG_6716-300x169.jpg\" alt=\"\" width=\"270\" height=\"152\" srcset=\"https:\/\/www.buergerschaftshausev.de\/wp-content\/uploads\/2015\/01\/IMG_6716-300x169.jpg 300w, https:\/\/www.buergerschaftshausev.de\/wp-content\/uploads\/2015\/01\/IMG_6716-150x84.jpg 150w, https:\/\/www.buergerschaftshausev.de\/wp-content\/uploads\/2015\/01\/IMG_6716-768x432.jpg 768w, https:\/\/www.buergerschaftshausev.de\/wp-content\/uploads\/2015\/01\/IMG_6716-600x337.jpg 600w\" sizes=\"auto, (max-width: 270px) 100vw, 270px\" \/><\/em><em><img loading=\"lazy\" decoding=\"async\" class=\"size-medium wp-image-785 alignright\" src=\"http:\/\/www.buergerschaftshausev.de\/wp-content\/uploads\/2015\/01\/IMG_6867-169x300.jpg\" alt=\"\" width=\"169\" height=\"300\" srcset=\"https:\/\/www.buergerschaftshausev.de\/wp-content\/uploads\/2015\/01\/IMG_6867-169x300.jpg 169w, https:\/\/www.buergerschaftshausev.de\/wp-content\/uploads\/2015\/01\/IMG_6867-84x150.jpg 84w, https:\/\/www.buergerschaftshausev.de\/wp-content\/uploads\/2015\/01\/IMG_6867-768x1367.jpg 768w, https:\/\/www.buergerschaftshausev.de\/wp-content\/uploads\/2015\/01\/IMG_6867-337x600.jpg 337w\" sizes=\"auto, (max-width: 169px) 100vw, 169px\" \/><\/em><img loading=\"lazy\" decoding=\"async\" class=\"wp-image-674 size-medium alignright\" src=\"http:\/\/www.buergerschaftshausev.de\/wp-content\/uploads\/2015\/01\/IMG_6299-169x300.jpg\" width=\"169\" height=\"300\" srcset=\"https:\/\/www.buergerschaftshausev.de\/wp-content\/uploads\/2015\/01\/IMG_6299-169x300.jpg 169w, https:\/\/www.buergerschaftshausev.de\/wp-content\/uploads\/2015\/01\/IMG_6299-768x1367.jpg 768w, https:\/\/www.buergerschaftshausev.de\/wp-content\/uploads\/2015\/01\/IMG_6299-575x1024.jpg 575w\" sizes=\"auto, (max-width: 169px) 100vw, 169px\" \/><img loading=\"lazy\" decoding=\"async\" class=\"wp-image-675 size-medium alignleft\" src=\"http:\/\/www.buergerschaftshausev.de\/wp-content\/uploads\/2015\/01\/IMG_6300-169x300.jpg\" width=\"169\" height=\"300\" srcset=\"https:\/\/www.buergerschaftshausev.de\/wp-content\/uploads\/2015\/01\/IMG_6300-169x300.jpg 169w, https:\/\/www.buergerschaftshausev.de\/wp-content\/uploads\/2015\/01\/IMG_6300-768x1367.jpg 768w, https:\/\/www.buergerschaftshausev.de\/wp-content\/uploads\/2015\/01\/IMG_6300-575x1024.jpg 575w\" sizes=\"auto, (max-width: 169px) 100vw, 169px\" \/> <em><img loading=\"lazy\" decoding=\"async\" class=\"alignnone wp-image-783\" src=\"http:\/\/www.buergerschaftshausev.de\/wp-content\/uploads\/2015\/01\/DSC_0538-300x169.jpg\" alt=\"\" width=\"270\" height=\"152\" srcset=\"https:\/\/www.buergerschaftshausev.de\/wp-content\/uploads\/2015\/01\/DSC_0538-300x169.jpg 300w, https:\/\/www.buergerschaftshausev.de\/wp-content\/uploads\/2015\/01\/DSC_0538-150x84.jpg 150w, https:\/\/www.buergerschaftshausev.de\/wp-content\/uploads\/2015\/01\/DSC_0538-768x432.jpg 768w, https:\/\/www.buergerschaftshausev.de\/wp-content\/uploads\/2015\/01\/DSC_0538-600x338.jpg 600w\" sizes=\"auto, (max-width: 270px) 100vw, 270px\" \/><\/em><em><img loading=\"lazy\" decoding=\"async\" class=\"wp-image-784 alignnone\" src=\"http:\/\/www.buergerschaftshausev.de\/wp-content\/uploads\/2015\/01\/IMG_6858-300x169.jpg\" alt=\"\" width=\"270\" height=\"152\" srcset=\"https:\/\/www.buergerschaftshausev.de\/wp-content\/uploads\/2015\/01\/IMG_6858-300x169.jpg 300w, https:\/\/www.buergerschaftshausev.de\/wp-content\/uploads\/2015\/01\/IMG_6858-150x84.jpg 150w, https:\/\/www.buergerschaftshausev.de\/wp-content\/uploads\/2015\/01\/IMG_6858-768x432.jpg 768w, https:\/\/www.buergerschaftshausev.de\/wp-content\/uploads\/2015\/01\/IMG_6858-600x337.jpg 600w\" sizes=\"auto, (max-width: 270px) 100vw, 270px\" \/><\/em><em>\u00a0<\/em> <em><img loading=\"lazy\" decoding=\"async\" class=\"wp-image-788 alignnone\" src=\"http:\/\/www.buergerschaftshausev.de\/wp-content\/uploads\/2015\/01\/IMG_6660-300x169.jpg\" alt=\"\" width=\"270\" height=\"152\" srcset=\"https:\/\/www.buergerschaftshausev.de\/wp-content\/uploads\/2015\/01\/IMG_6660-300x169.jpg 300w, https:\/\/www.buergerschaftshausev.de\/wp-content\/uploads\/2015\/01\/IMG_6660-150x84.jpg 150w, https:\/\/www.buergerschaftshausev.de\/wp-content\/uploads\/2015\/01\/IMG_6660-768x432.jpg 768w, https:\/\/www.buergerschaftshausev.de\/wp-content\/uploads\/2015\/01\/IMG_6660-600x337.jpg 600w\" sizes=\"auto, (max-width: 270px) 100vw, 270px\" \/><img loading=\"lazy\" decoding=\"async\" class=\"alignnone wp-image-839\" src=\"http:\/\/www.buergerschaftshausev.de\/wp-content\/uploads\/2018\/01\/DSC00771-300x169.jpg\" alt=\"\" width=\"270\" height=\"152\" srcset=\"https:\/\/www.buergerschaftshausev.de\/wp-content\/uploads\/2018\/01\/DSC00771-300x169.jpg 300w, https:\/\/www.buergerschaftshausev.de\/wp-content\/uploads\/2018\/01\/DSC00771-150x84.jpg 150w, https:\/\/www.buergerschaftshausev.de\/wp-content\/uploads\/2018\/01\/DSC00771-768x432.jpg 768w, https:\/\/www.buergerschaftshausev.de\/wp-content\/uploads\/2018\/01\/DSC00771-600x338.jpg 600w, https:\/\/www.buergerschaftshausev.de\/wp-content\/uploads\/2018\/01\/DSC00771.jpg 1920w\" sizes=\"auto, (max-width: 270px) 100vw, 270px\" \/><\/em><\/p>\n<p><img loading=\"lazy\" decoding=\"async\" class=\"alignnone wp-image-542 size-medium\" src=\"http:\/\/www.buergerschaftshausev.de\/wp-content\/uploads\/2016\/06\/CIMG1151-225x300.jpg\" alt=\"CIMG1151\" width=\"225\" height=\"300\" srcset=\"https:\/\/www.buergerschaftshausev.de\/wp-content\/uploads\/2016\/06\/CIMG1151-225x300.jpg 225w, https:\/\/www.buergerschaftshausev.de\/wp-content\/uploads\/2016\/06\/CIMG1151-768x1024.jpg 768w\" sizes=\"auto, (max-width: 225px) 100vw, 225px\" \/><img loading=\"lazy\" decoding=\"async\" class=\"alignnone wp-image-544 size-medium\" src=\"http:\/\/www.buergerschaftshausev.de\/wp-content\/uploads\/2016\/06\/CIMG1186-300x225.jpg\" alt=\"CIMG1186\" width=\"300\" height=\"225\" srcset=\"https:\/\/www.buergerschaftshausev.de\/wp-content\/uploads\/2016\/06\/CIMG1186-300x225.jpg 300w, https:\/\/www.buergerschaftshausev.de\/wp-content\/uploads\/2016\/06\/CIMG1186-768x576.jpg 768w, https:\/\/www.buergerschaftshausev.de\/wp-content\/uploads\/2016\/06\/CIMG1186-1024x768.jpg 1024w\" sizes=\"auto, (max-width: 300px) 100vw, 300px\" \/><img loading=\"lazy\" decoding=\"async\" class=\"alignnone wp-image-545 size-medium\" src=\"http:\/\/www.buergerschaftshausev.de\/wp-content\/uploads\/2016\/06\/CIMG1121-225x300.jpg\" alt=\"CIMG1121\" width=\"225\" height=\"300\" srcset=\"https:\/\/www.buergerschaftshausev.de\/wp-content\/uploads\/2016\/06\/CIMG1121-225x300.jpg 225w, https:\/\/www.buergerschaftshausev.de\/wp-content\/uploads\/2016\/06\/CIMG1121-768x1024.jpg 768w\" sizes=\"auto, (max-width: 225px) 100vw, 225px\" \/><img loading=\"lazy\" decoding=\"async\" class=\"alignnone wp-image-575 size-medium\" src=\"http:\/\/www.buergerschaftshausev.de\/wp-content\/uploads\/2016\/06\/IMG_8780-300x169.jpg\" alt=\"IMG_8780\" width=\"300\" height=\"169\" srcset=\"https:\/\/www.buergerschaftshausev.de\/wp-content\/uploads\/2016\/06\/IMG_8780-300x169.jpg 300w, https:\/\/www.buergerschaftshausev.de\/wp-content\/uploads\/2016\/06\/IMG_8780-768x432.jpg 768w, https:\/\/www.buergerschaftshausev.de\/wp-content\/uploads\/2016\/06\/IMG_8780-1024x576.jpg 1024w, https:\/\/www.buergerschaftshausev.de\/wp-content\/uploads\/2016\/06\/IMG_8780.jpg 1280w\" sizes=\"auto, (max-width: 300px) 100vw, 300px\" \/><img loading=\"lazy\" decoding=\"async\" class=\"alignnone wp-image-547 size-medium\" src=\"http:\/\/www.buergerschaftshausev.de\/wp-content\/uploads\/2016\/06\/CIMG1256-225x300.jpg\" alt=\"CIMG1256\" width=\"225\" height=\"300\" srcset=\"https:\/\/www.buergerschaftshausev.de\/wp-content\/uploads\/2016\/06\/CIMG1256-225x300.jpg 225w, https:\/\/www.buergerschaftshausev.de\/wp-content\/uploads\/2016\/06\/CIMG1256-768x1024.jpg 768w\" sizes=\"auto, (max-width: 225px) 100vw, 225px\" \/> <img loading=\"lazy\" decoding=\"async\" class=\"alignnone wp-image-576 size-medium\" src=\"http:\/\/www.buergerschaftshausev.de\/wp-content\/uploads\/2016\/06\/CIMG0430-300x225.jpg\" alt=\"CIMG0430\" width=\"300\" height=\"225\" srcset=\"https:\/\/www.buergerschaftshausev.de\/wp-content\/uploads\/2016\/06\/CIMG0430-300x225.jpg 300w, https:\/\/www.buergerschaftshausev.de\/wp-content\/uploads\/2016\/06\/CIMG0430-768x576.jpg 768w, https:\/\/www.buergerschaftshausev.de\/wp-content\/uploads\/2016\/06\/CIMG0430-1024x768.jpg 1024w\" sizes=\"auto, (max-width: 300px) 100vw, 300px\" \/><\/p>\n<p>Besuche uns auch auf <a href=\"https:\/\/www.facebook.com\/OT-Bocklem%C3%BCnd-667694436655425\/\"><em><strong><span style=\"color: #3366ff;\">facebook<\/span><\/strong><\/em><\/a><\/p>\n","protected":false},"excerpt":{"rendered":"<p>Jetzt zur Segelfahrt 2020 anmelden: Segeln Ostern 2018: \u201cHart am Wind&#8230;- Das Abenteuer ruft \u2026!\u201c Wir haben mit einer Gruppe von 12 Jugendlichen 4 Tage an Bord eines gro\u00dfen Segelschiffes mit dem Namen \u201eWending\u201c verbracht und die Skipper bei Ihrer &hellip; <a href=\"https:\/\/www.buergerschaftshausev.de\/?page_id=181\">Weiterlesen <span class=\"meta-nav\">&rarr;<\/span><\/a><\/p>\n","protected":false},"author":1,"featured_media":0,"parent":26,"menu_order":30,"comment_status":"closed","ping_status":"closed","template":"","meta":{"_bbp_topic_count":0,"_bbp_reply_count":0,"_bbp_total_topic_count":0,"_bbp_total_reply_count":0,"_bbp_voice_count":0,"_bbp_anonymous_reply_count":0,"_bbp_topic_count_hidden":0,"_bbp_reply_count_hidden":0,"_bbp_forum_subforum_count":0,"jetpack_post_was_ever_published":false,"footnotes":""},"class_list":["post-181","page","type-page","status-publish","hentry"],"jetpack_sharing_enabled":true,"jetpack_shortlink":"https:\/\/wp.me\/P5AdbL-2V","_links":{"self":[{"href":"https:\/\/www.buergerschaftshausev.de\/index.php?rest_route=\/wp\/v2\/pages\/181","targetHints":{"allow":["GET"]}}],"collection":[{"href":"https:\/\/www.buergerschaftshausev.de\/index.php?rest_route=\/wp\/v2\/pages"}],"about":[{"href":"https:\/\/www.buergerschaftshausev.de\/index.php?rest_route=\/wp\/v2\/types\/page"}],"author":[{"embeddable":true,"href":"https:\/\/www.buergerschaftshausev.de\/index.php?rest_route=\/wp\/v2\/users\/1"}],"replies":[{"embeddable":true,"href":"https:\/\/www.buergerschaftshausev.de\/index.php?rest_route=%2Fwp%2Fv2%2Fcomments&post=181"}],"version-history":[{"count":32,"href":"https:\/\/www.buergerschaftshausev.de\/index.php?rest_route=\/wp\/v2\/pages\/181\/revisions"}],"predecessor-version":[{"id":1098,"href":"https:\/\/www.buergerschaftshausev.de\/index.php?rest_route=\/wp\/v2\/pages\/181\/revisions\/1098"}],"up":[{"embeddable":true,"href":"https:\/\/www.buergerschaftshausev.de\/index.php?rest_route=\/wp\/v2\/pages\/26"}],"wp:attachment":[{"href":"https:\/\/www.buergerschaftshausev.de\/index.php?rest_route=%2Fwp%2Fv2%2Fmedia&parent=181"}],"curies":[{"name":"wp","href":"https:\/\/api.w.org\/{rel}","templated":true}]}}