{"id":28,"date":"2015-01-08T12:20:23","date_gmt":"2015-01-08T10:20:23","guid":{"rendered":"http:\/\/www.buergerschaftshausev.de\/?page_id=28"},"modified":"2024-10-30T10:43:24","modified_gmt":"2024-10-30T08:43:24","slug":"kindertagesstaette","status":"publish","type":"page","link":"https:\/\/www.buergerschaftshausev.de\/?page_id=28","title":{"rendered":"Kindertagesst\u00e4tte"},"content":{"rendered":"<p><strong>Sch\u00f6n, dass Sie sich f\u00fcr unsere Kindertagesst\u00e4tte interessieren!<\/strong><\/p>\n<p>Seit 2006 haben wir als Kindertagesst\u00e4tte und Familienzentrum den Wunsch einen Ort zu schaffen, an dem Kinder, Eltern und Familien sich willkommen und gut aufgehoben f\u00fchlen. Uns ist es ein Anliegen den Familien und Kindern eine wertsch\u00e4tzende, einf\u00fchlsame und famili\u00e4re Umgebung zu bieten und dar\u00fcber hinaus auch umfassende Angebote zur Unterst\u00fctzung und F\u00f6rderung der gesamten Familie zu installieren. Jede Lebenssituation ist einzigartig, sodass wir uns besonders dem partnerschaftlichen Ansatz mit Familien widmen.<\/p>\n<p>Wir freuen uns, Sie und Ihre Kinder bei uns zu begr\u00fc\u00dfen!<\/p>\n<p>Um unsere Angebote zu finden, folgen Sie uns auf Instagram, Facebook oder abonnieren Sie unseren WhatsApp Kanal.<\/p>\n<p><img loading=\"lazy\" decoding=\"async\" class=\"alignnone size-medium wp-image-1688\" src=\"https:\/\/www.buergerschaftshausev.de\/wp-content\/uploads\/2024\/10\/Fuchs_neu-300x200.jpg\" alt=\"\" width=\"300\" height=\"200\" srcset=\"https:\/\/www.buergerschaftshausev.de\/wp-content\/uploads\/2024\/10\/Fuchs_neu-300x200.jpg 300w, https:\/\/www.buergerschaftshausev.de\/wp-content\/uploads\/2024\/10\/Fuchs_neu-150x100.jpg 150w, https:\/\/www.buergerschaftshausev.de\/wp-content\/uploads\/2024\/10\/Fuchs_neu.jpg 601w\" sizes=\"auto, (max-width: 300px) 100vw, 300px\" \/><\/p>\n<p><strong><u>Kontakt:<\/u><\/strong><\/p>\n<p><strong>Adresse:<\/strong>\u00a0Kita \u201eDie Wilden F\u00fcchse\u201c; Schumacherring 65; 50829 K\u00f6ln<br \/>\n<strong>Telefon:<\/strong>\u00a00221\/504644<br \/>\n<strong>Fax:<\/strong>\u00a00221\/2831476<br \/>\n<strong>Ansprechpartner\/Kontakt:<\/strong><\/p>\n<p>Melanie Lila Monescu (Leiterin), <a href=\"mailto:melanie.monescu@wildefuechse.de\">melanie.monescu@wildefuechse.de<\/a><\/p>\n<p>Mona Sarnelli (stellvertretende Leiterin), <a href=\"mailto:mona.sarnelli@wildefuechse.de\">mona.sarnelli@wildefuechse.de<\/a><\/p>\n<p><strong>B\u00fcrozeiten:<\/strong>\u00a0T\u00e4glich von 8.00 -16.00 Uhr<\/p>\n<p><strong>Wir bieten Ihnen:<\/strong><\/p>\n<ul>\n<li>Pl\u00e4tze f\u00fcr 85 Kinder im Alter von 0,8 \u2013 6 Jahren in 5 Gruppen. Weil wir eine inklusive\u00a0Kita sind, betreuen wir auch Kinder mit speziellem F\u00f6rderbedarf<\/li>\n<li>18 freundliche und engagierte Mitarbeiter*innen<\/li>\n<li>Das Feiern der Jahresfeste aus unterschiedlichen Kulturen<\/li>\n<li>Angebote f\u00fcr die ganze Familie: t\u00e4glich ge\u00f6ffnetes Elterncaf\u00e9, Beratung und Austausch im Elternkurs<\/li>\n<li>Flexible Abholzeiten<\/li>\n<li>Ganztagsbetreuung f\u00fcr jedes Kind, je nach Bedarf der Eltern<\/li>\n<li>Ausfl\u00fcge, Kita-\u00dcbernachtung f\u00fcr alle \u00dc3j\u00e4hrigen, mehrt\u00e4gige Abschlussfahrt der Vorschulkinder<\/li>\n<li>Alltagsintegrierte sprachliche<\/li>\n<li>Weitere Schwerpunkte: Bewegungserziehung, Musikerziehung, kreatives Gestalten und Rollenspiele<\/li>\n<li>T\u00e4glich frisch zubereitetes Mittagessen ohne Schweinefleisch<\/li>\n<li>Intensive Vorbereitung auf den Schulbesuch<\/li>\n<li>Vernetzung im Stadtteil: enge Zusammenarbeit mit Schulen, Fr\u00fchf\u00f6rderung, Kinder\u00e4rzten, Logop\u00e4den, Beratungsstellen und vielen anderen Institutionen<\/li>\n<\/ul>\n<p>&nbsp;<\/p>\n","protected":false},"excerpt":{"rendered":"<p>Sch\u00f6n, dass Sie sich f\u00fcr unsere Kindertagesst\u00e4tte interessieren! Seit 2006 haben wir als Kindertagesst\u00e4tte und Familienzentrum den Wunsch einen Ort zu schaffen, an dem Kinder, Eltern und Familien sich willkommen und gut aufgehoben f\u00fchlen. Uns ist es ein Anliegen den &hellip; <a href=\"https:\/\/www.buergerschaftshausev.de\/?page_id=28\">Weiterlesen <span class=\"meta-nav\">&rarr;<\/span><\/a><\/p>\n","protected":false},"author":1,"featured_media":0,"parent":0,"menu_order":4,"comment_status":"closed","ping_status":"closed","template":"","meta":{"_bbp_topic_count":0,"_bbp_reply_count":0,"_bbp_total_topic_count":0,"_bbp_total_reply_count":0,"_bbp_voice_count":0,"_bbp_anonymous_reply_count":0,"_bbp_topic_count_hidden":0,"_bbp_reply_count_hidden":0,"_bbp_forum_subforum_count":0,"jetpack_post_was_ever_published":false,"footnotes":""},"class_list":["post-28","page","type-page","status-publish","hentry"],"jetpack_sharing_enabled":true,"jetpack_shortlink":"https:\/\/wp.me\/P5AdbL-s","_links":{"self":[{"href":"https:\/\/www.buergerschaftshausev.de\/index.php?rest_route=\/wp\/v2\/pages\/28","targetHints":{"allow":["GET"]}}],"collection":[{"href":"https:\/\/www.buergerschaftshausev.de\/index.php?rest_route=\/wp\/v2\/pages"}],"about":[{"href":"https:\/\/www.buergerschaftshausev.de\/index.php?rest_route=\/wp\/v2\/types\/page"}],"author":[{"embeddable":true,"href":"https:\/\/www.buergerschaftshausev.de\/index.php?rest_route=\/wp\/v2\/users\/1"}],"replies":[{"embeddable":true,"href":"https:\/\/www.buergerschaftshausev.de\/index.php?rest_route=%2Fwp%2Fv2%2Fcomments&post=28"}],"version-history":[{"count":12,"href":"https:\/\/www.buergerschaftshausev.de\/index.php?rest_route=\/wp\/v2\/pages\/28\/revisions"}],"predecessor-version":[{"id":1689,"href":"https:\/\/www.buergerschaftshausev.de\/index.php?rest_route=\/wp\/v2\/pages\/28\/revisions\/1689"}],"wp:attachment":[{"href":"https:\/\/www.buergerschaftshausev.de\/index.php?rest_route=%2Fwp%2Fv2%2Fmedia&parent=28"}],"curies":[{"name":"wp","href":"https:\/\/api.w.org\/{rel}","templated":true}]}}