{"id":346,"date":"2015-07-27T16:32:20","date_gmt":"2015-07-27T14:32:20","guid":{"rendered":"http:\/\/www.buergerschaftshausev.de\/?page_id=346"},"modified":"2022-04-08T14:47:34","modified_gmt":"2022-04-08T12:47:34","slug":"oeffnungsplan-2015","status":"publish","type":"page","link":"https:\/\/www.buergerschaftshausev.de\/?page_id=346","title":{"rendered":"\u00d6ffnungsplan"},"content":{"rendered":"<p><a href=\"https:\/\/www.buergerschaftshausev.de\/wp-content\/uploads\/2022\/04\/Neuer-Oeffnungsplan1.png\"><img loading=\"lazy\" decoding=\"async\" class=\"alignnone size-large wp-image-1463\" src=\"https:\/\/www.buergerschaftshausev.de\/wp-content\/uploads\/2022\/04\/Neuer-Oeffnungsplan1-424x600.png\" alt=\"\" width=\"424\" height=\"600\" srcset=\"https:\/\/www.buergerschaftshausev.de\/wp-content\/uploads\/2022\/04\/Neuer-Oeffnungsplan1-424x600.png 424w, https:\/\/www.buergerschaftshausev.de\/wp-content\/uploads\/2022\/04\/Neuer-Oeffnungsplan1-212x300.png 212w, https:\/\/www.buergerschaftshausev.de\/wp-content\/uploads\/2022\/04\/Neuer-Oeffnungsplan1-106x150.png 106w, https:\/\/www.buergerschaftshausev.de\/wp-content\/uploads\/2022\/04\/Neuer-Oeffnungsplan1-768x1086.png 768w, https:\/\/www.buergerschaftshausev.de\/wp-content\/uploads\/2022\/04\/Neuer-Oeffnungsplan1-1086x1536.png 1086w, https:\/\/www.buergerschaftshausev.de\/wp-content\/uploads\/2022\/04\/Neuer-Oeffnungsplan1.png 1414w\" sizes=\"auto, (max-width: 424px) 100vw, 424px\" \/><\/a><\/p>\n<table width=\"633\">\n<tbody>\n<tr>\n<td width=\"139\"><strong>Euer OT-Team<\/strong><\/td>\n<\/tr>\n<\/tbody>\n<\/table>\n<p>Die \u00d6ffnungszeiten und regelm\u00e4\u00dfigen Angebote des Kinder &amp; Jugendtreff`s im \u00dcberblick. F\u00fcr die Teilnahme an Gruppenangeboten ist in der Regel eine Voranmeldung notwendig.<\/p>\n<p>Bei Sonderveranstaltungen ergeben sich im Einzelfall \u00c4nderungen des \u00d6ffnungsplans.<\/p>\n<p>&nbsp;<\/p>\n<p>Besuch uns auch auf <a href=\"https:\/\/www.instagram.com\/otbocklemuend\/\">instagram<\/a> &amp;\u00a0 <a href=\"https:\/\/www.facebook.com\/OT-Bocklem%C3%BCnd-667694436655425\/\"><em><strong><span style=\"color: #3366ff;\">facebook<\/span><\/strong><\/em><\/a><\/p>\n","protected":false},"excerpt":{"rendered":"<p>Euer OT-Team Die \u00d6ffnungszeiten und regelm\u00e4\u00dfigen Angebote des Kinder &amp; Jugendtreff`s im \u00dcberblick. F\u00fcr die Teilnahme an Gruppenangeboten ist in der Regel eine Voranmeldung notwendig. Bei Sonderveranstaltungen ergeben sich im Einzelfall \u00c4nderungen des \u00d6ffnungsplans. &nbsp; Besuch uns auch auf instagram &hellip; <a href=\"https:\/\/www.buergerschaftshausev.de\/?page_id=346\">Weiterlesen <span class=\"meta-nav\">&rarr;<\/span><\/a><\/p>\n","protected":false},"author":12,"featured_media":0,"parent":26,"menu_order":0,"comment_status":"closed","ping_status":"closed","template":"","meta":{"_bbp_topic_count":0,"_bbp_reply_count":0,"_bbp_total_topic_count":0,"_bbp_total_reply_count":0,"_bbp_voice_count":0,"_bbp_anonymous_reply_count":0,"_bbp_topic_count_hidden":0,"_bbp_reply_count_hidden":0,"_bbp_forum_subforum_count":0,"jetpack_post_was_ever_published":false,"footnotes":""},"class_list":["post-346","page","type-page","status-publish","hentry"],"jetpack_sharing_enabled":true,"jetpack_shortlink":"https:\/\/wp.me\/P5AdbL-5A","_links":{"self":[{"href":"https:\/\/www.buergerschaftshausev.de\/index.php?rest_route=\/wp\/v2\/pages\/346","targetHints":{"allow":["GET"]}}],"collection":[{"href":"https:\/\/www.buergerschaftshausev.de\/index.php?rest_route=\/wp\/v2\/pages"}],"about":[{"href":"https:\/\/www.buergerschaftshausev.de\/index.php?rest_route=\/wp\/v2\/types\/page"}],"author":[{"embeddable":true,"href":"https:\/\/www.buergerschaftshausev.de\/index.php?rest_route=\/wp\/v2\/users\/12"}],"replies":[{"embeddable":true,"href":"https:\/\/www.buergerschaftshausev.de\/index.php?rest_route=%2Fwp%2Fv2%2Fcomments&post=346"}],"version-history":[{"count":27,"href":"https:\/\/www.buergerschaftshausev.de\/index.php?rest_route=\/wp\/v2\/pages\/346\/revisions"}],"predecessor-version":[{"id":1050,"href":"https:\/\/www.buergerschaftshausev.de\/index.php?rest_route=\/wp\/v2\/pages\/346\/revisions\/1050"}],"up":[{"embeddable":true,"href":"https:\/\/www.buergerschaftshausev.de\/index.php?rest_route=\/wp\/v2\/pages\/26"}],"wp:attachment":[{"href":"https:\/\/www.buergerschaftshausev.de\/index.php?rest_route=%2Fwp%2Fv2%2Fmedia&parent=346"}],"curies":[{"name":"wp","href":"https:\/\/api.w.org\/{rel}","templated":true}]}}