{"id":36,"date":"2015-01-08T12:26:16","date_gmt":"2015-01-08T10:26:16","guid":{"rendered":"http:\/\/www.buergerschaftshausev.de\/?page_id=36"},"modified":"2026-01-27T09:02:26","modified_gmt":"2026-01-27T07:02:26","slug":"sozialraumkoordination","status":"publish","type":"page","link":"https:\/\/www.buergerschaftshausev.de\/?page_id=36","title":{"rendered":"Sozialraumkoordination"},"content":{"rendered":"<p>B\u00fcrger-und Sozialraumkoordination Bocklem\u00fcnd\/Mengenich<\/p>\n<p><em>Menschen, Ideen und M\u00f6glichkeiten zusammenbringen<\/em><\/p>\n<p style=\"text-align: justify;\">Die Themen der Sozialraumkoordination sind breit gef\u00e4chert. Sie erstrecken sich von Wohnen, Soziales und Gesundheit \u00fcber Kultur, Bildung\u00a0 und Sport bis zu Arbeit und Wirtschaft. Vera Schultze, die Koordinatorin ermittelt Angebote, Ressourcen, Themen und Bedarfe und unterst\u00fctzt bei der Entwicklung und Durchf\u00fchrung von Projekten, die der Verbesserung der Lebenssituation im Stadtteil dienen.<\/p>\n<p style=\"text-align: justify;\">Haben Sie Projektideen und suchen Unterst\u00fctzung bei der Realisierung oder m\u00f6chten Sie Anregungen einbringen? W\u00fcnschen Sie Informationen \u00fcber Angebote in Bocklem\u00fcnd?<\/p>\n<p>Dann wenden Sie sich direkt an:<\/p>\n<p><strong>Vera Schultze<\/strong><br \/>\nG\u00f6rlinger Zentrum 11 &#8211; 15<br \/>\n50829 K\u00f6ln<br \/>\nTel.: 0221\/26155014<br \/>\nMobil: 0176\/45172678<br \/>\nE-Mail: <a href=\"mailto:v.schultze@bsh-koeln.de\">v.schultze@bsh-koeln.de<\/a><\/p>\n<p>Das Veedelsbrett zeigt Ihnen, was im Veedel los ist. Aktuell, \u00fcbersichtlich und direkt aus Ihrer Nachbarschaft. Schauen Sie doch einmal vorbei und entdecken Sie, was Bocklem\u00fcnd\/Mengenich zu bieten hat. Klicken Sie <a href=\"https:\/\/padlet.com\/SozialraumkoordinationBockl_Meng\/veedelsbrett-bocklem-nd-mengenich-7dy228yabz28pbcq\">hier <\/a><span data-olk-copy-source=\"MessageBody\">und Sie werden direkt zum Veedelsbrett weitergeleitet.<\/span><\/p>\n<p>Weitere Infos zur Sozialraumkoordination Bocklem\u00fcnd\/Mengenich finden Sie <a href=\"https:\/\/bocklemuend-mengenich.sozialraumkoordination.koeln\/\">hier<\/a>.<\/p>\n<p>Die 5. Auflage des Stadtteilwegweisers mit Adressen und Angeboten im Viertel ist erschienen. <a title=\"Stadtteilwegweiser_2015\" href=\"http:\/\/www.buergerschaftshausev.de\/wp-content\/uploads\/2015\/01\/Stadtteilwegweiser_2015.pdf\" target=\"_blank\" rel=\"noopener\">Hier zum Download klicken!<\/a><\/p>\n","protected":false},"excerpt":{"rendered":"<p>B\u00fcrger-und Sozialraumkoordination Bocklem\u00fcnd\/Mengenich Menschen, Ideen und M\u00f6glichkeiten zusammenbringen Die Themen der Sozialraumkoordination sind breit gef\u00e4chert. Sie erstrecken sich von Wohnen, Soziales und Gesundheit \u00fcber Kultur, Bildung\u00a0 und Sport bis zu Arbeit und Wirtschaft. Vera Schultze, die Koordinatorin ermittelt Angebote, Ressourcen, &hellip; <a href=\"https:\/\/www.buergerschaftshausev.de\/?page_id=36\">Weiterlesen <span class=\"meta-nav\">&rarr;<\/span><\/a><\/p>\n","protected":false},"author":12,"featured_media":0,"parent":0,"menu_order":3,"comment_status":"closed","ping_status":"closed","template":"","meta":{"_bbp_topic_count":0,"_bbp_reply_count":0,"_bbp_total_topic_count":0,"_bbp_total_reply_count":0,"_bbp_voice_count":0,"_bbp_anonymous_reply_count":0,"_bbp_topic_count_hidden":0,"_bbp_reply_count_hidden":0,"_bbp_forum_subforum_count":0,"jetpack_post_was_ever_published":false,"footnotes":""},"class_list":["post-36","page","type-page","status-publish","hentry"],"jetpack_sharing_enabled":true,"jetpack_shortlink":"https:\/\/wp.me\/P5AdbL-A","_links":{"self":[{"href":"https:\/\/www.buergerschaftshausev.de\/index.php?rest_route=\/wp\/v2\/pages\/36","targetHints":{"allow":["GET"]}}],"collection":[{"href":"https:\/\/www.buergerschaftshausev.de\/index.php?rest_route=\/wp\/v2\/pages"}],"about":[{"href":"https:\/\/www.buergerschaftshausev.de\/index.php?rest_route=\/wp\/v2\/types\/page"}],"author":[{"embeddable":true,"href":"https:\/\/www.buergerschaftshausev.de\/index.php?rest_route=\/wp\/v2\/users\/12"}],"replies":[{"embeddable":true,"href":"https:\/\/www.buergerschaftshausev.de\/index.php?rest_route=%2Fwp%2Fv2%2Fcomments&post=36"}],"version-history":[{"count":16,"href":"https:\/\/www.buergerschaftshausev.de\/index.php?rest_route=\/wp\/v2\/pages\/36\/revisions"}],"predecessor-version":[{"id":1861,"href":"https:\/\/www.buergerschaftshausev.de\/index.php?rest_route=\/wp\/v2\/pages\/36\/revisions\/1861"}],"wp:attachment":[{"href":"https:\/\/www.buergerschaftshausev.de\/index.php?rest_route=%2Fwp%2Fv2%2Fmedia&parent=36"}],"curies":[{"name":"wp","href":"https:\/\/api.w.org\/{rel}","templated":true}]}}