{"id":5,"date":"2015-01-08T11:56:29","date_gmt":"2015-01-08T09:56:29","guid":{"rendered":"http:\/\/www.buergerschaftshausev.de\/?page_id=5"},"modified":"2026-02-19T09:32:11","modified_gmt":"2026-02-19T07:32:11","slug":"buergerschaftshaus","status":"publish","type":"page","link":"https:\/\/www.buergerschaftshausev.de\/","title":{"rendered":"Herzlich willkommen im B\u00fcrgerschaftshaus Bocklem\u00fcnd"},"content":{"rendered":"<p>Wir freuen uns \u00fcber Ihren Besuch auf unserer Homepage! Gerne geben wir Ihnen einen \u00dcberblick \u00fcber die Angebote unseres Hauses. Viel Spa\u00df beim Surfen w\u00fcnscht Ihnen<\/p>\n<p>Dr. Stephanie Bohn (Gesch\u00e4ftsf\u00fchrerin)<\/p>\n<p><strong>&#8222;Unsere Arbeit dient der Verbesserung der Lebensverh\u00e4ltnisse in Bocklem\u00fcnd&#8220;<\/strong><\/p>\n<p style=\"text-align: justify;\">Der Verein &#8222;B\u00fcrgerschaftshaus e.V.&#8220; ist bereits seit 1972 im Stadtteil aktiv.\u00a0Er wurde von engagierten Bewohnern gegr\u00fcndet, die die Notwendigkeit eines sozialen Zentrums in dem Neubaugebiet Bocklem\u00fcnd voraussahen.<br \/>\nUnser Zentrum versteht sich als b\u00fcrgernahe Einrichtung, die allen Bewohnern und allen Altersgruppen, \u00fcberparteilich und konfessionell nicht gebunden, als Ort der Begegnung und Kommunikation zur Verf\u00fcgung steht.<\/p>\n<p style=\"text-align: justify;\">Mit der Arbeit unseres Hauses stellen wir wichtige Teile der sozialen Infrastruktur im Stadtteil Bocklem\u00fcnd sicher. Unsere sozialen Dienstleistungen in den Teilbereichen Kindertagesst\u00e4tte, Kinder- und Jugendtreff und Stadtteil- und Gemeinwesenarbeit werden auf den Seiten dieser Homepage vorgestellt.<\/p>\n","protected":false},"excerpt":{"rendered":"<p>Wir freuen uns \u00fcber Ihren Besuch auf unserer Homepage! Gerne geben wir Ihnen einen \u00dcberblick \u00fcber die Angebote unseres Hauses. Viel Spa\u00df beim Surfen w\u00fcnscht Ihnen Dr. Stephanie Bohn (Gesch\u00e4ftsf\u00fchrerin) &#8222;Unsere Arbeit dient der Verbesserung der Lebensverh\u00e4ltnisse in Bocklem\u00fcnd&#8220; Der &hellip; <a href=\"https:\/\/www.buergerschaftshausev.de\/\">Weiterlesen <span class=\"meta-nav\">&rarr;<\/span><\/a><\/p>\n","protected":false},"author":1,"featured_media":0,"parent":0,"menu_order":1,"comment_status":"closed","ping_status":"closed","template":"","meta":{"_bbp_topic_count":0,"_bbp_reply_count":0,"_bbp_total_topic_count":0,"_bbp_total_reply_count":0,"_bbp_voice_count":0,"_bbp_anonymous_reply_count":0,"_bbp_topic_count_hidden":0,"_bbp_reply_count_hidden":0,"_bbp_forum_subforum_count":0,"jetpack_post_was_ever_published":false,"footnotes":""},"class_list":["post-5","page","type-page","status-publish","hentry"],"jetpack_sharing_enabled":true,"jetpack_shortlink":"https:\/\/wp.me\/P5AdbL-5","_links":{"self":[{"href":"https:\/\/www.buergerschaftshausev.de\/index.php?rest_route=\/wp\/v2\/pages\/5","targetHints":{"allow":["GET"]}}],"collection":[{"href":"https:\/\/www.buergerschaftshausev.de\/index.php?rest_route=\/wp\/v2\/pages"}],"about":[{"href":"https:\/\/www.buergerschaftshausev.de\/index.php?rest_route=\/wp\/v2\/types\/page"}],"author":[{"embeddable":true,"href":"https:\/\/www.buergerschaftshausev.de\/index.php?rest_route=\/wp\/v2\/users\/1"}],"replies":[{"embeddable":true,"href":"https:\/\/www.buergerschaftshausev.de\/index.php?rest_route=%2Fwp%2Fv2%2Fcomments&post=5"}],"version-history":[{"count":88,"href":"https:\/\/www.buergerschaftshausev.de\/index.php?rest_route=\/wp\/v2\/pages\/5\/revisions"}],"predecessor-version":[{"id":1873,"href":"https:\/\/www.buergerschaftshausev.de\/index.php?rest_route=\/wp\/v2\/pages\/5\/revisions\/1873"}],"wp:attachment":[{"href":"https:\/\/www.buergerschaftshausev.de\/index.php?rest_route=%2Fwp%2Fv2%2Fmedia&parent=5"}],"curies":[{"name":"wp","href":"https:\/\/api.w.org\/{rel}","templated":true}]}}