{"id":67,"date":"2015-01-08T14:07:29","date_gmt":"2015-01-08T12:07:29","guid":{"rendered":"http:\/\/www.buergerschaftshausev.de\/?page_id=67"},"modified":"2024-10-30T10:54:55","modified_gmt":"2024-10-30T08:54:55","slug":"familienzentrum","status":"publish","type":"page","link":"https:\/\/www.buergerschaftshausev.de\/?page_id=67","title":{"rendered":"Familienzentrum"},"content":{"rendered":"<p><strong>Von der Kita zum Familienzentrum<\/strong><\/p>\n<p>Wir verstehen unsere Arbeit in der Kita als familienerg\u00e4nzend, weil wir wissen, dass nur bei einem vertrauensvollen, wertsch\u00e4tzenden Umgang zwischen Eltern und Erzieher*innen eine optimale Entwicklung der Kinder m\u00f6glich ist.<\/p>\n<p>Das Ministerium f\u00fcr Generationen, Familien, Frauen und Integration des Landes NRW hat im Jahre 2006 die Weiterentwicklung von Kindertagesst\u00e4tten zu Familienzentren beschlossen. Ziel ist es, in den Familienzentren ein niedrigschwelliges Angebot zu schaffen, das die F\u00f6rderung der Kinder und die Unterst\u00fctzung der Familien aus einer Hand erm\u00f6glicht.<\/p>\n<p>Die Kita \u201eDie Wilden F\u00fcchse\u201c wurde im Herbst 2007 in die zweite Phase dieses Projektes aufgenommen.<br \/>\nAnlass zur Bewerbung f\u00fcr dieses Projekt war unser Wunsch, Familien in Zukunft noch umfassender begleiten und unterst\u00fctzen zu k\u00f6nnen. Dar\u00fcber hinaus ist die Gemeinwesenorientierung und die Vernetzung im Stadtteil als Teileinrichtung des B\u00fcrgerschaftshauses seit der Gr\u00fcndung der Kita ein Schwerpunkt unserer Arbeit.<\/p>\n<p>Im Fr\u00fchjahr 2008 haben wir erstmalig das G\u00fctesiegel \u201eFamilienzentrum NRW\u201c erhalten und dieses alle vier Jahre durch eine erneute Pr\u00fcfung (Re-Zertifizierung) erneuert.<\/p>\n<p><strong>Beispiele unserer Angebote als Familienzentrum:<\/strong><\/p>\n<ul>\n<li>Fr\u00fchst\u00fccksangebot: Jeden Morgen kann man bei uns ein Fr\u00fchst\u00fccksbr\u00f6tchen, lecker belegt mit Salat, Tomate, Gurke und Wurst oder K\u00e4se preiswert erstehen. Au\u00dferdem haben die Eltern Gelegenheit, nach dem Bringen der Kinder noch auf eine Tasse Kaffee zu verweilen und zu plaudern.<\/li>\n<li>Sportangebot f\u00fcr Frauen, mittwochs 15:00-16:00 Uhr<\/li>\n<li>Teilnahme am Bocklem\u00fcnder Karnevalszug und gro\u00dfe Karnevalsparty f\u00fcr die Familien<\/li>\n<li>Kooperation mit vielen sozialen Einrichtungen im Stadtteil<\/li>\n<li>Offener Elternkurs jeden Donnerstag von 16:30 bis 18.00<\/li>\n<li>Beratung: Wir bieten in Zusammenarbeit mit dem B\u00fcrgerschaftshaus Sprechstunden f\u00fcr Eltern in pers\u00f6nlichen Notlagen (Sozialberatung, Schuldnerberatung usw.) und vermitteln Kontakte zu verschiedenen Beratungsstellen<\/li>\n<li>Systemische Beratung f\u00fcr Einzelpersonen, Paare, Familien<\/li>\n<\/ul>\n<p>Diese Angebote k\u00f6nnen auch von Familien genutzt werden, die nicht unsere Kita besuchen.<\/p>\n<p>Einmal j\u00e4hrlich f\u00fchren wir eine Befragung der Familien durch, sodass Sie W\u00fcnsche und Ideen, sowie Ihre Zufriedenheit oder Erwartungen dort formulieren k\u00f6nnen.<\/p>\n<p>&nbsp;<\/p>\n","protected":false},"excerpt":{"rendered":"<p>Von der Kita zum Familienzentrum Wir verstehen unsere Arbeit in der Kita als familienerg\u00e4nzend, weil wir wissen, dass nur bei einem vertrauensvollen, wertsch\u00e4tzenden Umgang zwischen Eltern und Erzieher*innen eine optimale Entwicklung der Kinder m\u00f6glich ist. Das Ministerium f\u00fcr Generationen, Familien, &hellip; <a href=\"https:\/\/www.buergerschaftshausev.de\/?page_id=67\">Weiterlesen <span class=\"meta-nav\">&rarr;<\/span><\/a><\/p>\n","protected":false},"author":1,"featured_media":0,"parent":28,"menu_order":0,"comment_status":"closed","ping_status":"closed","template":"","meta":{"_bbp_topic_count":0,"_bbp_reply_count":0,"_bbp_total_topic_count":0,"_bbp_total_reply_count":0,"_bbp_voice_count":0,"_bbp_anonymous_reply_count":0,"_bbp_topic_count_hidden":0,"_bbp_reply_count_hidden":0,"_bbp_forum_subforum_count":0,"jetpack_post_was_ever_published":false,"footnotes":""},"class_list":["post-67","page","type-page","status-publish","hentry"],"jetpack_sharing_enabled":true,"jetpack_shortlink":"https:\/\/wp.me\/P5AdbL-15","_links":{"self":[{"href":"https:\/\/www.buergerschaftshausev.de\/index.php?rest_route=\/wp\/v2\/pages\/67","targetHints":{"allow":["GET"]}}],"collection":[{"href":"https:\/\/www.buergerschaftshausev.de\/index.php?rest_route=\/wp\/v2\/pages"}],"about":[{"href":"https:\/\/www.buergerschaftshausev.de\/index.php?rest_route=\/wp\/v2\/types\/page"}],"author":[{"embeddable":true,"href":"https:\/\/www.buergerschaftshausev.de\/index.php?rest_route=\/wp\/v2\/users\/1"}],"replies":[{"embeddable":true,"href":"https:\/\/www.buergerschaftshausev.de\/index.php?rest_route=%2Fwp%2Fv2%2Fcomments&post=67"}],"version-history":[{"count":8,"href":"https:\/\/www.buergerschaftshausev.de\/index.php?rest_route=\/wp\/v2\/pages\/67\/revisions"}],"predecessor-version":[{"id":1693,"href":"https:\/\/www.buergerschaftshausev.de\/index.php?rest_route=\/wp\/v2\/pages\/67\/revisions\/1693"}],"up":[{"embeddable":true,"href":"https:\/\/www.buergerschaftshausev.de\/index.php?rest_route=\/wp\/v2\/pages\/28"}],"wp:attachment":[{"href":"https:\/\/www.buergerschaftshausev.de\/index.php?rest_route=%2Fwp%2Fv2%2Fmedia&parent=67"}],"curies":[{"name":"wp","href":"https:\/\/api.w.org\/{rel}","templated":true}]}}