{"id":74,"date":"2015-01-08T14:12:40","date_gmt":"2015-01-08T12:12:40","guid":{"rendered":"http:\/\/www.buergerschaftshausev.de\/?page_id=74"},"modified":"2026-01-29T11:31:49","modified_gmt":"2026-01-29T09:31:49","slug":"ueber-uns","status":"publish","type":"page","link":"https:\/\/www.buergerschaftshausev.de\/?page_id=74","title":{"rendered":"\u00dcber uns"},"content":{"rendered":"<h2><strong>Finanzierung<\/strong><\/h2>\n<p>Die Arbeit unseres Hauses wird zum Teil durch Haushaltsmittel der Stadt K\u00f6ln, Geldmittel aus dem Landesjugendplan NRW, verschiedenene Projektf\u00f6rderungen und die Erwirtschaftung eines Eigenanteils in H\u00f6he von 30 % der ben\u00f6tigten Mittel sichergestellt.<\/p>\n<h2><strong>Stadtteil- und Gemeinwesenarbeit<\/strong><\/h2>\n<p>Stadtteil- und Gemeinwesenarbeit bedeutet f\u00fcr uns, die Bewohner an der Gestaltung ihres Wohn- und Lebensumfeldes teilnehmen zu lassen. Wir unterst\u00fctzen und aktivieren zur gesellschaftlichen und politischen Teilhabe im Stadtteil und dar\u00fcber hinaus.<br \/>\nIn unserem Hause besteht die M\u00f6glichkeit sich zu treffen und zu organisieren. Daf\u00fcr stellen wir die Infrastruktur zur Verf\u00fcgung und unterst\u00fctzen mit unserer Erfahrung.<\/p>\n<p>Zentraler Ort des B\u00fcrgerschaftshauses ist der Caf\u00e9-Bereich. Hier treffen sich montags bis donnerstags Bocklem\u00fcnderinnen und Bocklem\u00fcnder um miteinander zu fr\u00fchst\u00fccken und zu reden. Das Caf\u00e9 ist f\u00fcr uns Ausgangspunkt zur Entwicklung des gesamten Programms im B\u00fcrgerschaftshaus. Ob Kurse (Sport und Gymnastik, Deutschkurs, T\u00f6pfern etc.), oder der Wunsch nach kulturellen Veranstaltungen. Ob f\u00fcr neue Projekte geworben wird, oder ob neue Projekte aus den Anregungen der Besucher entstehen. Ob der Wunsch nach einem Beratungsgespr\u00e4ch, oder die konkrete Hilfe im Umgang mit Beh\u00f6rden oder dem Vermieter. Alles hat seinen Ursprung im Caf\u00e9 und hat sich von hier aus weiterentwickelt zum b\u00fcrgernahen Zentrum f\u00fcr die Bocklem\u00fcnder.<\/p>\n<h2><strong>Der Verein<\/strong><\/h2>\n<p>Der Verein \u201eB\u00fcrgerschaftshaus e.V.\u201c ist bereits seit 1972 im Stadtteil aktiv. Er wurde von engagierten Bewohnern gegr\u00fcndet, die die Notwendigkeit eines sozialen Zentrums in dem Neubaugebiet Bocklem\u00fcnd voraussahen. Wir freuen uns immer \u00fcber neue Mitglieder, die Lust haben, sich im Verein und auch im B\u00fcrgerschaftshaus zu engagieren. Sie finden hier den <a href=\"https:\/\/www.buergerschaftshausev.de\/wp-content\/uploads\/2026\/01\/Antrag-auf-Mitgliedschaft.pdf\">Mitgliedsantrag<\/a> sowie die <a href=\"https:\/\/www.buergerschaftshausev.de\/wp-content\/uploads\/2026\/01\/Satzung_Buergerschaftshaus.pdf\">Satzung<\/a> zum Download.<\/p>\n<h2><strong>Gesch\u00e4ftsstelle und Vermietung<\/strong><\/h2>\n<p>Tel.: 0221 &#8211; 26 15 50 10 Fax: 0221 &#8211; 26 15 50 11<br \/>\nE-mail: <a href=\"mailto:info@bsh-koeln.de\">info@bsh-koeln.de<\/a><\/p>\n<p><strong>Ge\u00f6ffnet: \u00a0\u00a0 <\/strong><\/p>\n<p><strong>montags bis freitags von 9.00\u00a0 bis 13.00 Uhr\u00a0<\/strong><\/p>\n<p><strong>dienstags &#8211; und donnerstagsnachmittags von 14.00 bis 16.30 Uhr<\/strong><\/p>\n<p>Der Verein und seine Arbeit werden durch die Gesch\u00e4ftsstelle verwaltet.<\/p>\n<p>Im B\u00fcrgerschaftshaus stehen verschiedene R\u00e4ume zur Nutzung auch durch Bocklem\u00fcnder zur Verf\u00fcgung. Es gibt R\u00e4ume f\u00fcr bis zu 100 Personen. Die Mietkosten liegen f\u00fcr Einzelnutzung (gelegentliche Treffs, Tagungen etc.) bei \u20ac 12 &#8211; \u20ac 22 pro Stunde.<\/p>\n<p>Die beiden S\u00e4le kosten jeweils \u20ac 420 (incl. Reinigung) f\u00fcr das komplette Wochenende plus \u20ac 360 Kaution bei Bezug der Getr\u00e4nke \u00fcber das B\u00fcrgerschaftshaus. Bei eigener Organisation der Getr\u00e4nke durch die Nutzer\/-innen ist eine h\u00f6here Miete zu entrichten.<\/p>\n","protected":false},"excerpt":{"rendered":"<p>Finanzierung Die Arbeit unseres Hauses wird zum Teil durch Haushaltsmittel der Stadt K\u00f6ln, Geldmittel aus dem Landesjugendplan NRW, verschiedenene Projektf\u00f6rderungen und die Erwirtschaftung eines Eigenanteils in H\u00f6he von 30 % der ben\u00f6tigten Mittel sichergestellt. Stadtteil- und Gemeinwesenarbeit Stadtteil- und Gemeinwesenarbeit &hellip; <a href=\"https:\/\/www.buergerschaftshausev.de\/?page_id=74\">Weiterlesen <span class=\"meta-nav\">&rarr;<\/span><\/a><\/p>\n","protected":false},"author":1,"featured_media":0,"parent":14,"menu_order":0,"comment_status":"closed","ping_status":"closed","template":"","meta":{"_bbp_topic_count":0,"_bbp_reply_count":0,"_bbp_total_topic_count":0,"_bbp_total_reply_count":0,"_bbp_voice_count":0,"_bbp_anonymous_reply_count":0,"_bbp_topic_count_hidden":0,"_bbp_reply_count_hidden":0,"_bbp_forum_subforum_count":0,"jetpack_post_was_ever_published":false,"footnotes":""},"class_list":["post-74","page","type-page","status-publish","hentry"],"jetpack_sharing_enabled":true,"jetpack_shortlink":"https:\/\/wp.me\/P5AdbL-1c","_links":{"self":[{"href":"https:\/\/www.buergerschaftshausev.de\/index.php?rest_route=\/wp\/v2\/pages\/74","targetHints":{"allow":["GET"]}}],"collection":[{"href":"https:\/\/www.buergerschaftshausev.de\/index.php?rest_route=\/wp\/v2\/pages"}],"about":[{"href":"https:\/\/www.buergerschaftshausev.de\/index.php?rest_route=\/wp\/v2\/types\/page"}],"author":[{"embeddable":true,"href":"https:\/\/www.buergerschaftshausev.de\/index.php?rest_route=\/wp\/v2\/users\/1"}],"replies":[{"embeddable":true,"href":"https:\/\/www.buergerschaftshausev.de\/index.php?rest_route=%2Fwp%2Fv2%2Fcomments&post=74"}],"version-history":[{"count":15,"href":"https:\/\/www.buergerschaftshausev.de\/index.php?rest_route=\/wp\/v2\/pages\/74\/revisions"}],"predecessor-version":[{"id":1871,"href":"https:\/\/www.buergerschaftshausev.de\/index.php?rest_route=\/wp\/v2\/pages\/74\/revisions\/1871"}],"up":[{"embeddable":true,"href":"https:\/\/www.buergerschaftshausev.de\/index.php?rest_route=\/wp\/v2\/pages\/14"}],"wp:attachment":[{"href":"https:\/\/www.buergerschaftshausev.de\/index.php?rest_route=%2Fwp%2Fv2%2Fmedia&parent=74"}],"curies":[{"name":"wp","href":"https:\/\/api.w.org\/{rel}","templated":true}]}}