{"id":762,"date":"2017-08-18T15:16:23","date_gmt":"2017-08-18T13:16:23","guid":{"rendered":"http:\/\/www.buergerschaftshausev.de\/?page_id=762"},"modified":"2026-01-22T12:08:50","modified_gmt":"2026-01-22T10:08:50","slug":"aktuelle-stellenangebote","status":"publish","type":"page","link":"https:\/\/www.buergerschaftshausev.de\/?page_id=762","title":{"rendered":"Aktuelle Stellenangebote"},"content":{"rendered":"<p>Wir suchen zum n\u00e4chstm\u00f6glichen Zeitpunkt Verst\u00e4rkung in unserem Team:<\/p>\n<ul>\n<li><a href=\"https:\/\/www.buergerschaftshausev.de\/wp-content\/uploads\/2025\/12\/Stellenauschreibung_Reinigung_neu.pdf\"><strong>Reinigungskr\u00e4fte (w\/m\/d)<\/strong><\/a><\/li>\n<\/ul>\n<p>Wenn Sie auf den Link gehen, finden Sie die vollst\u00e4ndige Stellenbeschreibung. Bewerbungen (Anschreiben, Lebenslauf, Zeugnisse) bitte bevorzugt per E-Mail an:<\/p>\n<p><a href=\"mailto:bewerbung@bsh-koeln.de\">bewerbung@bsh-koeln.de<\/a><\/p>\n<p>&nbsp;<\/p>\n<p><strong>Arbeiten im B\u00fcrgerschaftshaus Bocklem\u00fcnd e. V. <\/strong><\/p>\n<p>Haben Sie Freude im Umgang mit Menschen? Arbeiten Sie gerne im Team? Suchen Sie ein interessantes und abwechslungsreiches T\u00e4tigkeitsfeld als p\u00e4dagogische Fachkraft? Dann bewerben Sie sich initiativ \u2013 gerne auch f\u00fcr ein Praktikum.<\/p>\n<p>Senden Sie uns Ihre <a href=\"mailto:bewerbung@bsh-koeln.de\">Bewerbung<\/a>.<\/p>\n<p>&nbsp;<\/p>\n<h2><\/h2>\n<p><strong>\u00a0<\/strong><\/p>\n","protected":false},"excerpt":{"rendered":"<p>Wir suchen zum n\u00e4chstm\u00f6glichen Zeitpunkt Verst\u00e4rkung in unserem Team: Reinigungskr\u00e4fte (w\/m\/d) Wenn Sie auf den Link gehen, finden Sie die vollst\u00e4ndige Stellenbeschreibung. Bewerbungen (Anschreiben, Lebenslauf, Zeugnisse) bitte bevorzugt per E-Mail an: bewerbung@bsh-koeln.de &nbsp; Arbeiten im B\u00fcrgerschaftshaus Bocklem\u00fcnd e. V. Haben &hellip; <a href=\"https:\/\/www.buergerschaftshausev.de\/?page_id=762\">Weiterlesen <span class=\"meta-nav\">&rarr;<\/span><\/a><\/p>\n","protected":false},"author":11,"featured_media":1722,"parent":0,"menu_order":6,"comment_status":"closed","ping_status":"closed","template":"","meta":{"_bbp_topic_count":0,"_bbp_reply_count":0,"_bbp_total_topic_count":0,"_bbp_total_reply_count":0,"_bbp_voice_count":0,"_bbp_anonymous_reply_count":0,"_bbp_topic_count_hidden":0,"_bbp_reply_count_hidden":0,"_bbp_forum_subforum_count":0,"jetpack_post_was_ever_published":false,"footnotes":""},"class_list":["post-762","page","type-page","status-publish","has-post-thumbnail","hentry"],"jetpack_sharing_enabled":true,"jetpack_shortlink":"https:\/\/wp.me\/P5AdbL-ci","_links":{"self":[{"href":"https:\/\/www.buergerschaftshausev.de\/index.php?rest_route=\/wp\/v2\/pages\/762","targetHints":{"allow":["GET"]}}],"collection":[{"href":"https:\/\/www.buergerschaftshausev.de\/index.php?rest_route=\/wp\/v2\/pages"}],"about":[{"href":"https:\/\/www.buergerschaftshausev.de\/index.php?rest_route=\/wp\/v2\/types\/page"}],"author":[{"embeddable":true,"href":"https:\/\/www.buergerschaftshausev.de\/index.php?rest_route=\/wp\/v2\/users\/11"}],"replies":[{"embeddable":true,"href":"https:\/\/www.buergerschaftshausev.de\/index.php?rest_route=%2Fwp%2Fv2%2Fcomments&post=762"}],"version-history":[{"count":65,"href":"https:\/\/www.buergerschaftshausev.de\/index.php?rest_route=\/wp\/v2\/pages\/762\/revisions"}],"predecessor-version":[{"id":1859,"href":"https:\/\/www.buergerschaftshausev.de\/index.php?rest_route=\/wp\/v2\/pages\/762\/revisions\/1859"}],"wp:featuredmedia":[{"embeddable":true,"href":"https:\/\/www.buergerschaftshausev.de\/index.php?rest_route=\/wp\/v2\/media\/1722"}],"wp:attachment":[{"href":"https:\/\/www.buergerschaftshausev.de\/index.php?rest_route=%2Fwp%2Fv2%2Fmedia&parent=762"}],"curies":[{"name":"wp","href":"https:\/\/api.w.org\/{rel}","templated":true}]}}