{"id":82,"date":"2015-01-08T14:34:38","date_gmt":"2015-01-08T12:34:38","guid":{"rendered":"http:\/\/www.buergerschaftshausev.de\/?page_id=82"},"modified":"2023-10-24T17:54:35","modified_gmt":"2023-10-24T15:54:35","slug":"gymnastik","status":"publish","type":"page","link":"https:\/\/www.buergerschaftshausev.de\/?page_id=82","title":{"rendered":"Fitness"},"content":{"rendered":"<p>Wir bieten Dienstag, Mittwoch und Freitag ab 09:00 Uhr sowie Montagabend ab 18:00 Uhr Sportkurse und Ger\u00e4tetraining an. Sie werden individuell beraten und eingewiesen. Es wird ein individueller Trainingsplan f\u00fcr Sie erstellt und an den Sportger\u00e4ten erhalten Sie eine st\u00e4ndige Betreuung. Auf Wunsch beraten wir auch in Fragen zu Ern\u00e4hrung und Gesundheit oder bieten ein Personal-Training an.<\/p>\n<p>Unsere Sporttrainerin, Kerstin Sommer, freut sich auf Sie.<\/p>\n<p>Rufen Sie uns gerne an und vereinbaren Sie eine Probestunde.<\/p>\n<p>Infos und R\u00fcckfragen: 0221\/ 26 15 50 10<\/p>\n<p>&nbsp;<\/p>\n<p>&nbsp;<\/p>\n","protected":false},"excerpt":{"rendered":"<p>Wir bieten Dienstag, Mittwoch und Freitag ab 09:00 Uhr sowie Montagabend ab 18:00 Uhr Sportkurse und Ger\u00e4tetraining an. Sie werden individuell beraten und eingewiesen. Es wird ein individueller Trainingsplan f\u00fcr Sie erstellt und an den Sportger\u00e4ten erhalten Sie eine st\u00e4ndige &hellip; <a href=\"https:\/\/www.buergerschaftshausev.de\/?page_id=82\">Weiterlesen <span class=\"meta-nav\">&rarr;<\/span><\/a><\/p>\n","protected":false},"author":1,"featured_media":0,"parent":19,"menu_order":0,"comment_status":"closed","ping_status":"closed","template":"","meta":{"_bbp_topic_count":0,"_bbp_reply_count":0,"_bbp_total_topic_count":0,"_bbp_total_reply_count":0,"_bbp_voice_count":0,"_bbp_anonymous_reply_count":0,"_bbp_topic_count_hidden":0,"_bbp_reply_count_hidden":0,"_bbp_forum_subforum_count":0,"jetpack_post_was_ever_published":false,"footnotes":""},"class_list":["post-82","page","type-page","status-publish","hentry"],"jetpack_sharing_enabled":true,"jetpack_shortlink":"https:\/\/wp.me\/P5AdbL-1k","_links":{"self":[{"href":"https:\/\/www.buergerschaftshausev.de\/index.php?rest_route=\/wp\/v2\/pages\/82","targetHints":{"allow":["GET"]}}],"collection":[{"href":"https:\/\/www.buergerschaftshausev.de\/index.php?rest_route=\/wp\/v2\/pages"}],"about":[{"href":"https:\/\/www.buergerschaftshausev.de\/index.php?rest_route=\/wp\/v2\/types\/page"}],"author":[{"embeddable":true,"href":"https:\/\/www.buergerschaftshausev.de\/index.php?rest_route=\/wp\/v2\/users\/1"}],"replies":[{"embeddable":true,"href":"https:\/\/www.buergerschaftshausev.de\/index.php?rest_route=%2Fwp%2Fv2%2Fcomments&post=82"}],"version-history":[{"count":8,"href":"https:\/\/www.buergerschaftshausev.de\/index.php?rest_route=\/wp\/v2\/pages\/82\/revisions"}],"predecessor-version":[{"id":1650,"href":"https:\/\/www.buergerschaftshausev.de\/index.php?rest_route=\/wp\/v2\/pages\/82\/revisions\/1650"}],"up":[{"embeddable":true,"href":"https:\/\/www.buergerschaftshausev.de\/index.php?rest_route=\/wp\/v2\/pages\/19"}],"wp:attachment":[{"href":"https:\/\/www.buergerschaftshausev.de\/index.php?rest_route=%2Fwp%2Fv2%2Fmedia&parent=82"}],"curies":[{"name":"wp","href":"https:\/\/api.w.org\/{rel}","templated":true}]}}